{"id":14,"date":"2015-12-02T10:52:22","date_gmt":"2015-12-02T10:52:22","guid":{"rendered":"http:\/\/theme-fusion.com\/avada\/university\/?page_id=14"},"modified":"2024-10-08T09:03:54","modified_gmt":"2024-10-08T06:03:54","slug":"profit-making-organisations","status":"publish","type":"page","link":"http:\/\/orensgroup.com\/en\/references\/profit-making-organisations\/","title":{"rendered":"Profit Making Organisations"},"content":{"rendered":"<div class=\"fusion-fullwidth fullwidth-box fusion-builder-row-1 nonhundred-percent-fullwidth non-hundred-percent-height-scrolling\"  style='background-color: var(--awb-color2);background-position: left top;background-repeat: no-repeat;padding-top:68px;padding-right:0px;padding-bottom:120px;padding-left:0px;'><div class=\"fusion-builder-row fusion-row \"><div  class=\"fusion-layout-column fusion_builder_column fusion_builder_column_1_6 fusion-builder-column-1 fusion-one-sixth fusion-column-first fusion-no-small-visibility 1_6\"  style='margin-top:0px;margin-bottom:20px;width:13.3333%; margin-right: 4%;'>\n\t\t\t\t\t<div class=\"fusion-column-wrapper\" style=\"padding: 0px 0px 0px 0px;background-position:left top;background-blend-mode: overlay;background-repeat:no-repeat;-webkit-background-size:cover;-moz-background-size:cover;-o-background-size:cover;background-size:cover;\"   data-bg-url=\"\">\n\t\t\t\t\t\t<div class=\"fusion-clearfix\"><\/div>\n\n\t\t\t\t\t<\/div>\n\t\t\t\t<\/div><div  class=\"fusion-layout-column fusion_builder_column fusion_builder_column_2_3 fusion-builder-column-2 fusion-two-third 2_3\"  style='margin-top:0px;margin-bottom:0px;width:65.3333%; margin-right: 4%;'>\n\t\t\t\t\t<div class=\"fusion-column-wrapper\" style=\"padding: 0px 0px 0px 0px;background-position:left top;background-blend-mode: overlay;background-repeat:no-repeat;-webkit-background-size:cover;-moz-background-size:cover;-o-background-size:cover;background-size:cover;\"   data-bg-url=\"\">\n\t\t\t\t\t\t<div class=\"fusion-text\"><table width=\"800\">\n<tbody>\n<tr>\n<td width=\"142\"><strong>PROFIT<\/strong><\/td>\n<td width=\"11\">\u00a0<\/td>\n<td width=\"601\">\u00a0<\/td>\n<\/tr>\n<tr>\n<td>\u00a0<\/td>\n<td>\u00a0<\/td>\n<td>\u00a0<\/td>\n<\/tr>\n<tr>\n<td>Title of the Project<\/td>\n<td>:<\/td>\n<td>Production of Smart Garments Through Integration of Electronic Circuits into Fabric Using<\/td>\n<\/tr>\n<tr>\n<td>\u00a0<\/td>\n<td>\u00a0<\/td>\n<td>Embroidery Technique<\/td>\n<\/tr>\n<tr>\n<td>Year<\/td>\n<td>:<\/td>\n<td>2021<\/td>\n<\/tr>\n<tr>\n<td>Administration<\/td>\n<td>:<\/td>\n<td>KOSGEB<\/td>\n<\/tr>\n<tr>\n<td>Programme<\/td>\n<td>:<\/td>\n<td>R&amp;D, P&amp;D and Innovation Support Programme<\/td>\n<\/tr>\n<tr>\n<td>Beneficiary<\/td>\n<td>:<\/td>\n<td>Gonca Mensucat Sanayi ve Tic. Ltd. \u015eti.<\/td>\n<\/tr>\n<tr>\n<td>Budget (TL)<\/td>\n<td>:<\/td>\n<td>254.372,40<\/td>\n<\/tr>\n<tr>\n<td>Duration (Months)<\/td>\n<td>:<\/td>\n<td>12<\/td>\n<\/tr>\n<tr>\n<td>Services Provided<\/td>\n<td>:<\/td>\n<td>\n<blockquote>\n<p>Aside from administrative services such as project development and management, provision of technical support services including preparation of technical specifications of the machine\/apparatus which will be used in the scope of integration of electronic circuits into fabric using embroidery technique, selection of appropriate equipment for pre-project proposal and during implementation, acceptance of the machine delivered or adaptation of the existing equipment and commissioning.<\/p>\n<\/blockquote>\n<\/td>\n<\/tr>\n<tr>\n<td>\n<hr \/>\n<\/td>\n<td>\u00a0<\/td>\n<td>\n<hr \/>\n<\/td>\n<\/tr>\n<tr>\n<td>Title of the Project<\/td>\n<td>:<\/td>\n<td>Smart Factory Systems for Smart Knitting Production Project<\/td>\n<\/tr>\n<tr>\n<td>Year<\/td>\n<td>:<\/td>\n<td>2021<\/td>\n<\/tr>\n<tr>\n<td>Administration<\/td>\n<td>:<\/td>\n<td>KOSGEB<\/td>\n<\/tr>\n<tr>\n<td>Programme<\/td>\n<td>:<\/td>\n<td>KOB\u0130GEL \u2013 SME Development Support Programme<\/td>\n<\/tr>\n<tr>\n<td>Beneficiary<\/td>\n<td>:<\/td>\n<td>Ege \u00d6rg\u00fc Triko Tekstil Giyim Sanayi ve Tic. Ltd. \u015eti.<\/td>\n<\/tr>\n<tr>\n<td>Budget (TL)<\/td>\n<td>:<\/td>\n<td>1.866.298,00<\/td>\n<\/tr>\n<tr>\n<td>Duration (Months)<\/td>\n<td>:<\/td>\n<td>16<\/td>\n<\/tr>\n<tr>\n<td>Services Provided<\/td>\n<td>:<\/td>\n<td>\n<blockquote>\n<p>Aside from administrative services such as project development and management, provision of technical support services including preparation of technical specifications of the machine that are suitable for smart factory and flexible automation systems, selection of appropriate equipment for pre-project proposal and during implementation, acceptance of the machine delivered, their integration to flexible automation system and conducting its tests and its commissioning.<\/p>\n<\/blockquote>\n<\/td>\n<\/tr>\n<tr>\n<td>\n<hr \/>\n<\/td>\n<td>\u00a0<\/td>\n<td>\n<hr \/>\n<\/td>\n<\/tr>\n<tr>\n<td>Title of the Project<\/td>\n<td>:<\/td>\n<td>Determination and Development of Comfort Characteristics of Organic Children Clothing\u00a0<\/td>\n<\/tr>\n<tr>\n<td>\u00a0<\/td>\n<td>\u00a0<\/td>\n<td>Through Innovative Modelling Methods<\/td>\n<\/tr>\n<tr>\n<td>Year<\/td>\n<td>:<\/td>\n<td>2019<\/td>\n<\/tr>\n<tr>\n<td>Administration<\/td>\n<td>:<\/td>\n<td>KOSGEB<\/td>\n<\/tr>\n<tr>\n<td>Programme<\/td>\n<td>:<\/td>\n<td>R&amp;D, Innovation and Industrial Application Support Programme<\/td>\n<\/tr>\n<tr>\n<td>Beneficiary<\/td>\n<td>:<\/td>\n<td>Ege \u00d6rg\u00fc Triko Tekstil Giyim Sanayi ve Tic. Ltd. \u015eti.<\/td>\n<\/tr>\n<tr>\n<td>Budget (TL)<\/td>\n<td>:<\/td>\n<td>630.080,96<\/td>\n<\/tr>\n<tr>\n<td>Duration (Months)<\/td>\n<td>:<\/td>\n<td>4<\/td>\n<\/tr>\n<tr>\n<td>Services Provided<\/td>\n<td>:<\/td>\n<td>\n<blockquote>\n<p>Aside from administrative services such as project development and management, provision of technical support services including preparation of technical specifications of the modelling suite that will be used for determination of comfort specifics and the machines that will be used for production of sample clothing to be used for calibration, selection of appropriate equipment and modelling suite for pre-project proposal and during implementation, acceptance of the machine delivered, conducting its tests and its commissioning.<\/p>\n<\/blockquote>\n<\/td>\n<\/tr>\n<tr>\n<td>\n<hr \/>\n<\/td>\n<td>\u00a0<\/td>\n<td>\n<hr \/>\n<\/td>\n<\/tr>\n<tr>\n<td>Title of the Project<\/td>\n<td>:<\/td>\n<td>Project for Increasing Organic Knitting Export Capacity\u00a0<\/td>\n<\/tr>\n<tr>\n<td>Year<\/td>\n<td>:<\/td>\n<td>2018<\/td>\n<\/tr>\n<tr>\n<td>Administration<\/td>\n<td>:<\/td>\n<td>KOSGEB<\/td>\n<\/tr>\n<tr>\n<td>Programme<\/td>\n<td>:<\/td>\n<td>KOB\u0130GEL \u2013 SME Development Support Programme<\/td>\n<\/tr>\n<tr>\n<td>Beneficiary<\/td>\n<td>:<\/td>\n<td>Ege \u00d6rg\u00fc Triko Tekstil Giyim Sanayi ve Tic. Ltd. \u015eti.<\/td>\n<\/tr>\n<tr>\n<td>Budget (TL)<\/td>\n<td>:<\/td>\n<td>1.216.000,00<\/td>\n<\/tr>\n<tr>\n<td>Duration (Months)<\/td>\n<td>:<\/td>\n<td>12<\/td>\n<\/tr>\n<tr>\n<td>Services Provided<\/td>\n<td>:<\/td>\n<td>\n<blockquote>\n<p>Aside from administrative services such as project development and management, provision of technical support services including preparation of technical specifications of the machine, selection of appropriate equipment for pre-project proposal and during implementation, acceptance of the machines delivered, conducting its tests and its commissioning.<\/p>\n<\/blockquote>\n<\/td>\n<\/tr>\n<\/tbody>\n<\/table>\n<\/div><div class=\"fusion-clearfix\"><\/div>\n\n\t\t\t\t\t<\/div>\n\t\t\t\t<\/div><div  class=\"fusion-layout-column fusion_builder_column fusion_builder_column_1_6 fusion-builder-column-3 fusion-one-sixth fusion-column-last fusion-no-small-visibility 1_6\"  style='margin-top:0px;margin-bottom:20px;width:13.3333%'>\n\t\t\t\t\t<div class=\"fusion-column-wrapper\" style=\"padding: 0px 0px 0px 0px;background-position:left top;background-blend-mode: overlay;background-repeat:no-repeat;-webkit-background-size:cover;-moz-background-size:cover;-o-background-size:cover;background-size:cover;\"   data-bg-url=\"\">\n\t\t\t\t\t\t<div class=\"fusion-clearfix\"><\/div>\n\n\t\t\t\t\t<\/div>\n\t\t\t\t<\/div><div  class=\"fusion-layout-column fusion_builder_column fusion_builder_column_1_6 fusion-builder-column-4 fusion-one-sixth fusion-column-first fusion-no-small-visibility 1_6\"  style='margin-top:0px;margin-bottom:20px;width:13.3333%; margin-right: 4%;'>\n\t\t\t\t\t<div class=\"fusion-column-wrapper\" style=\"padding: 0px 0px 0px 0px;background-position:left top;background-blend-mode: overlay;background-repeat:no-repeat;-webkit-background-size:cover;-moz-background-size:cover;-o-background-size:cover;background-size:cover;\"   data-bg-url=\"\">\n\t\t\t\t\t\t<div class=\"fusion-sep-clear\"><\/div><div class=\"fusion-separator fusion-full-width-sep sep-none\" style=\"margin-left: auto;margin-right: auto;margin-top:20px;\"><\/div><div class=\"fusion-clearfix\"><\/div>\n\n\t\t\t\t\t<\/div>\n\t\t\t\t<\/div><\/div><\/div>\n","protected":false},"excerpt":{"rendered":"","protected":false},"author":1,"featured_media":0,"parent":18,"menu_order":0,"comment_status":"closed","ping_status":"closed","template":"100-width.php","meta":{"footnotes":""},"class_list":["post-14","page","type-page","status-publish","hentry"],"yoast_head":"<!-- This site is optimized with the Yoast SEO plugin v20.5 - https:\/\/yoast.com\/wordpress\/plugins\/seo\/ -->\n<title>Profit Making Organisations - Orens Consultancy<\/title>\n<meta name=\"robots\" content=\"index, follow, max-snippet:-1, max-image-preview:large, max-video-preview:-1\" \/>\n<link rel=\"canonical\" href=\"http:\/\/orensgroup.com\/en\/references\/profit-making-organisations\/\" \/>\n<meta property=\"og:locale\" content=\"en_US\" \/>\n<meta property=\"og:type\" content=\"article\" \/>\n<meta property=\"og:title\" content=\"Profit Making Organisations - Orens Consultancy\" \/>\n<meta property=\"og:url\" content=\"http:\/\/orensgroup.com\/en\/references\/profit-making-organisations\/\" \/>\n<meta property=\"og:site_name\" content=\"Orens Consultancy\" \/>\n<meta property=\"article:modified_time\" content=\"2024-10-08T06:03:54+00:00\" \/>\n<meta name=\"twitter:card\" content=\"summary_large_image\" \/>\n<meta name=\"twitter:label1\" content=\"Est. reading time\" \/>\n\t<meta name=\"twitter:data1\" content=\"2 minutes\" \/>\n<script type=\"application\/ld+json\" class=\"yoast-schema-graph\">{\"@context\":\"https:\/\/schema.org\",\"@graph\":[{\"@type\":\"WebPage\",\"@id\":\"http:\/\/orensgroup.com\/en\/references\/profit-making-organisations\/\",\"url\":\"http:\/\/orensgroup.com\/en\/references\/profit-making-organisations\/\",\"name\":\"Profit Making Organisations - Orens Consultancy\",\"isPartOf\":{\"@id\":\"https:\/\/orensgroup.com\/en\/#website\"},\"datePublished\":\"2015-12-02T10:52:22+00:00\",\"dateModified\":\"2024-10-08T06:03:54+00:00\",\"breadcrumb\":{\"@id\":\"http:\/\/orensgroup.com\/en\/references\/profit-making-organisations\/#breadcrumb\"},\"inLanguage\":\"en-US\",\"potentialAction\":[{\"@type\":\"ReadAction\",\"target\":[\"http:\/\/orensgroup.com\/en\/references\/profit-making-organisations\/\"]}]},{\"@type\":\"BreadcrumbList\",\"@id\":\"http:\/\/orensgroup.com\/en\/references\/profit-making-organisations\/#breadcrumb\",\"itemListElement\":[{\"@type\":\"ListItem\",\"position\":1,\"name\":\"Anasayfa\",\"item\":\"https:\/\/orensgroup.com\/en\/\"},{\"@type\":\"ListItem\",\"position\":2,\"name\":\"References\",\"item\":\"http:\/\/orensgroup.com\/en\/references\/\"},{\"@type\":\"ListItem\",\"position\":3,\"name\":\"Profit Making Organisations\"}]},{\"@type\":\"WebSite\",\"@id\":\"https:\/\/orensgroup.com\/en\/#website\",\"url\":\"https:\/\/orensgroup.com\/en\/\",\"name\":\"Orens Consultancy\",\"description\":\"CONSULTANCY\",\"potentialAction\":[{\"@type\":\"SearchAction\",\"target\":{\"@type\":\"EntryPoint\",\"urlTemplate\":\"https:\/\/orensgroup.com\/en\/?s={search_term_string}\"},\"query-input\":\"required name=search_term_string\"}],\"inLanguage\":\"en-US\"}]}<\/script>\n<!-- \/ Yoast SEO plugin. -->","yoast_head_json":{"title":"Profit Making Organisations - Orens Consultancy","robots":{"index":"index","follow":"follow","max-snippet":"max-snippet:-1","max-image-preview":"max-image-preview:large","max-video-preview":"max-video-preview:-1"},"canonical":"http:\/\/orensgroup.com\/en\/references\/profit-making-organisations\/","og_locale":"en_US","og_type":"article","og_title":"Profit Making Organisations - Orens Consultancy","og_url":"http:\/\/orensgroup.com\/en\/references\/profit-making-organisations\/","og_site_name":"Orens Consultancy","article_modified_time":"2024-10-08T06:03:54+00:00","twitter_card":"summary_large_image","twitter_misc":{"Est. reading time":"2 minutes"},"schema":{"@context":"https:\/\/schema.org","@graph":[{"@type":"WebPage","@id":"http:\/\/orensgroup.com\/en\/references\/profit-making-organisations\/","url":"http:\/\/orensgroup.com\/en\/references\/profit-making-organisations\/","name":"Profit Making Organisations - Orens Consultancy","isPartOf":{"@id":"https:\/\/orensgroup.com\/en\/#website"},"datePublished":"2015-12-02T10:52:22+00:00","dateModified":"2024-10-08T06:03:54+00:00","breadcrumb":{"@id":"http:\/\/orensgroup.com\/en\/references\/profit-making-organisations\/#breadcrumb"},"inLanguage":"en-US","potentialAction":[{"@type":"ReadAction","target":["http:\/\/orensgroup.com\/en\/references\/profit-making-organisations\/"]}]},{"@type":"BreadcrumbList","@id":"http:\/\/orensgroup.com\/en\/references\/profit-making-organisations\/#breadcrumb","itemListElement":[{"@type":"ListItem","position":1,"name":"Anasayfa","item":"https:\/\/orensgroup.com\/en\/"},{"@type":"ListItem","position":2,"name":"References","item":"http:\/\/orensgroup.com\/en\/references\/"},{"@type":"ListItem","position":3,"name":"Profit Making Organisations"}]},{"@type":"WebSite","@id":"https:\/\/orensgroup.com\/en\/#website","url":"https:\/\/orensgroup.com\/en\/","name":"Orens Consultancy","description":"CONSULTANCY","potentialAction":[{"@type":"SearchAction","target":{"@type":"EntryPoint","urlTemplate":"https:\/\/orensgroup.com\/en\/?s={search_term_string}"},"query-input":"required name=search_term_string"}],"inLanguage":"en-US"}]}},"acf":[],"_links":{"self":[{"href":"http:\/\/orensgroup.com\/en\/wp-json\/wp\/v2\/pages\/14","targetHints":{"allow":["GET"]}}],"collection":[{"href":"http:\/\/orensgroup.com\/en\/wp-json\/wp\/v2\/pages"}],"about":[{"href":"http:\/\/orensgroup.com\/en\/wp-json\/wp\/v2\/types\/page"}],"author":[{"embeddable":true,"href":"http:\/\/orensgroup.com\/en\/wp-json\/wp\/v2\/users\/1"}],"replies":[{"embeddable":true,"href":"http:\/\/orensgroup.com\/en\/wp-json\/wp\/v2\/comments?post=14"}],"version-history":[{"count":17,"href":"http:\/\/orensgroup.com\/en\/wp-json\/wp\/v2\/pages\/14\/revisions"}],"predecessor-version":[{"id":2835,"href":"http:\/\/orensgroup.com\/en\/wp-json\/wp\/v2\/pages\/14\/revisions\/2835"}],"up":[{"embeddable":true,"href":"http:\/\/orensgroup.com\/en\/wp-json\/wp\/v2\/pages\/18"}],"wp:attachment":[{"href":"http:\/\/orensgroup.com\/en\/wp-json\/wp\/v2\/media?parent=14"}],"curies":[{"name":"wp","href":"https:\/\/api.w.org\/{rel}","templated":true}]}}