{"id":2582,"date":"2023-04-26T17:23:01","date_gmt":"2023-04-26T14:23:01","guid":{"rendered":"http:\/\/orensgroup.com\/en\/?page_id=2582"},"modified":"2024-10-08T08:33:38","modified_gmt":"2024-10-08T05:33:38","slug":"rural-development","status":"publish","type":"page","link":"http:\/\/orensgroup.com\/en\/references\/non-profit-organisations\/economic-development\/rural-development\/","title":{"rendered":"Rural Development"},"content":{"rendered":"<div class=\"fusion-fullwidth fullwidth-box fusion-builder-row-1 nonhundred-percent-fullwidth non-hundred-percent-height-scrolling\"  style='background-color: #ffffff;background-position: center center;background-repeat: no-repeat;padding-top:0px;padding-right:0px;padding-bottom:0px;padding-left:0px;'><div class=\"fusion-builder-row fusion-row \"><div  class=\"fusion-layout-column fusion_builder_column fusion_builder_column_1_6 fusion-builder-column-1 fusion-one-sixth fusion-column-first 1_6\"  style='margin-top:0px;margin-bottom:0px;width:13.3333%; margin-right: 4%;'>\n\t\t\t\t\t<div class=\"fusion-column-wrapper\" style=\"padding: 0px 0px 0px 0px;background-position:left top;background-repeat:no-repeat;-webkit-background-size:cover;-moz-background-size:cover;-o-background-size:cover;background-size:cover;\"   data-bg-url=\"\">\n\t\t\t\t\t\t<div class=\"fusion-clearfix\"><\/div>\n\n\t\t\t\t\t<\/div>\n\t\t\t\t<\/div><div  class=\"fusion-layout-column fusion_builder_column fusion_builder_column_2_3 fusion-builder-column-2 fusion-two-third 2_3\"  style='margin-top:0px;margin-bottom:0px;width:65.3333%; margin-right: 4%;'>\n\t\t\t\t\t<div class=\"fusion-column-wrapper\" style=\"padding: 0px 0px 0px 0px;background-position:left top;background-repeat:no-repeat;-webkit-background-size:cover;-moz-background-size:cover;-o-background-size:cover;background-size:cover;\"   data-bg-url=\"\">\n\t\t\t\t\t\t<div class=\"fusion-text\"><table width=\"693\">\n<tbody>\n<tr>\n<td colspan=\"3\" width=\"693\"><strong>Rural Development<\/strong><\/td>\n<\/tr>\n<tr>\n<td>\u00a0<\/td>\n<td>\u00a0<\/td>\n<td>\u00a0<\/td>\n<\/tr>\n<tr>\n<td width=\"149\">Title of the Project<\/td>\n<td width=\"11\">:<\/td>\n<td width=\"533\">Mu\u015f Province, Bulan\u0131k District Beekeeping Project<\/td>\n<\/tr>\n<tr>\n<td width=\"149\">Administration<\/td>\n<td width=\"11\">:<\/td>\n<td width=\"533\">Central Finance and Contracts Unit<\/td>\n<\/tr>\n<tr>\n<td width=\"149\">Programme<\/td>\n<td width=\"11\">:<\/td>\n<td width=\"533\">Eastern Anatolia Development Programme \u2013 Agriculture &amp; Rural Development\u00a0<\/td>\n<\/tr>\n<tr>\n<td width=\"149\">\u00a0<\/td>\n<td width=\"11\">\u00a0<\/td>\n<td width=\"533\">Component<\/td>\n<\/tr>\n<tr>\n<td width=\"149\">Beneficiary<\/td>\n<td width=\"11\">:<\/td>\n<td width=\"533\">Bulan\u0131k District Association of Service Provision For Villages \u2013 Turkey<\/td>\n<\/tr>\n<tr>\n<td width=\"149\">Partners<\/td>\n<td width=\"11\">:<\/td>\n<td width=\"533\">Istanbul Mulkiyeliler Foundation \u2013 Turkey<\/td>\n<\/tr>\n<tr>\n<td width=\"149\">\u00a0<\/td>\n<td width=\"11\">\u00a0<\/td>\n<td width=\"533\">Environmental and Cultural Heritage Conservation Association \u2013Turkey<\/td>\n<\/tr>\n<tr>\n<td width=\"149\">Budget (Euro)<\/td>\n<td width=\"11\">:<\/td>\n<td width=\"533\">277.610,00<\/td>\n<\/tr>\n<tr>\n<td width=\"149\">Duration (Months)<\/td>\n<td width=\"11\">:<\/td>\n<td width=\"533\">18<\/td>\n<\/tr>\n<tr>\n<td width=\"149\">Objectives<\/td>\n<td width=\"11\">:<\/td>\n<td width=\"533\">\n<blockquote>\n<p>The aim of the Project is to encourage the farmers who live in the villages within the borders of Bulan\u0131k District to the activity of beekeeping, with the help of the rich potential of flora in the region, and thus, to contribute the socio-economic development of the region with increasing their income.<\/p>\n<\/blockquote>\n<\/td>\n<\/tr>\n<tr>\n<td>\n<hr \/>\n<\/td>\n<td>\u00a0<\/td>\n<td>\n<hr \/>\n<\/td>\n<\/tr>\n<tr>\n<td width=\"149\">Title of the Project<\/td>\n<td width=\"11\">:<\/td>\n<td width=\"533\">Mu\u015f Province, Bulan\u0131k County Livestock Improvement Project<\/td>\n<\/tr>\n<tr>\n<td width=\"149\">Administration<\/td>\n<td width=\"11\">:<\/td>\n<td width=\"533\">Central Finance and Contracts Unit<\/td>\n<\/tr>\n<tr>\n<td width=\"149\">Programme<\/td>\n<td width=\"11\">:<\/td>\n<td width=\"533\">Eastern Anatolia Development Programme \u2013 Agriculture &amp; Rural Development\u00a0<\/td>\n<\/tr>\n<tr>\n<td width=\"149\">\u00a0<\/td>\n<td width=\"11\">\u00a0<\/td>\n<td width=\"533\">Component<\/td>\n<\/tr>\n<tr>\n<td width=\"149\">Beneficiary<\/td>\n<td width=\"11\">:<\/td>\n<td width=\"533\">Bulan\u0131k District Association of Service Provision For Villages \u2013 Turkey<\/td>\n<\/tr>\n<tr>\n<td width=\"149\">Partners<\/td>\n<td width=\"11\">:<\/td>\n<td width=\"533\">Istanbul Mulkiyeliler Foundation \u2013 Turkey<\/td>\n<\/tr>\n<tr>\n<td width=\"149\">\u00a0<\/td>\n<td width=\"11\">\u00a0<\/td>\n<td width=\"533\">Environmental and Cultural Heritage Conservation Association \u2013Turkey<\/td>\n<\/tr>\n<tr>\n<td width=\"149\">Budget (Euro)<\/td>\n<td width=\"11\">:<\/td>\n<td width=\"533\">277.410,00<\/td>\n<\/tr>\n<tr>\n<td width=\"149\">Duration (Months)<\/td>\n<td width=\"11\">:<\/td>\n<td width=\"533\">18<\/td>\n<\/tr>\n<tr>\n<td width=\"149\">Objectives<\/td>\n<td width=\"11\">:<\/td>\n<td width=\"533\">\n<blockquote>\n<p>Aim of the project is, preparing an Awareness-Raising and Informative Livestock Improvement Program within the borders of Bulan\u0131k County, and making contribution into livestock fertility increase throughout the County by supporting such program with a model implementation.<\/p>\n<\/blockquote>\n<\/td>\n<\/tr>\n<tr>\n<td>\n<hr \/>\n<\/td>\n<td>\u00a0<\/td>\n<td>\n<hr \/>\n<\/td>\n<\/tr>\n<tr>\n<td width=\"149\">Title of the Project<\/td>\n<td width=\"11\">:<\/td>\n<td width=\"533\">Mu\u015f Province, Bulan\u0131k District Organic Agriculture Project<\/td>\n<\/tr>\n<tr>\n<td width=\"149\">Administration<\/td>\n<td width=\"11\">:<\/td>\n<td width=\"533\">Central Finance and Contracts Unit<\/td>\n<\/tr>\n<tr>\n<td width=\"149\">Programme<\/td>\n<td width=\"11\">:<\/td>\n<td width=\"533\">Eastern Anatolia Development Programme \u2013 Agriculture &amp; Rural Development\u00a0<\/td>\n<\/tr>\n<tr>\n<td width=\"149\">\u00a0<\/td>\n<td width=\"11\">\u00a0<\/td>\n<td width=\"533\">Component<\/td>\n<\/tr>\n<tr>\n<td width=\"149\">Beneficiary<\/td>\n<td width=\"11\">:<\/td>\n<td width=\"533\">Bulan\u0131k Chamber of Agriculture \u2013 Turkey<\/td>\n<\/tr>\n<tr>\n<td width=\"149\">Partners<\/td>\n<td width=\"11\">:<\/td>\n<td width=\"533\">Istanbul Mulkiyeliler Foundation \u2013 Turkey<\/td>\n<\/tr>\n<tr>\n<td width=\"149\">\u00a0<\/td>\n<td width=\"11\">\u00a0<\/td>\n<td width=\"533\">Environmental and Cultural Heritage Conservation Association \u2013Turkey<\/td>\n<\/tr>\n<tr>\n<td width=\"149\">Budget (Euro)<\/td>\n<td width=\"11\">:<\/td>\n<td width=\"533\">150.280,00<\/td>\n<\/tr>\n<tr>\n<td width=\"149\">Duration (Months)<\/td>\n<td width=\"11\">:<\/td>\n<td width=\"533\">18<\/td>\n<\/tr>\n<tr>\n<td width=\"149\">Objectives<\/td>\n<td width=\"11\">:<\/td>\n<td width=\"533\">\n<blockquote>\n<p>The aim of the project is to encourage the farmers who activate in the agricultural fields of Bulan\u0131k to start to carry out this type of agriculture by training them on organic agriculture and therefore to increase the additional values, the marketability, sale and income of the products.<\/p>\n<\/blockquote>\n<\/td>\n<\/tr>\n<tr>\n<td>\n<hr \/>\n<\/td>\n<td>\u00a0<\/td>\n<td>\n<hr \/>\n<\/td>\n<\/tr>\n<tr>\n<td width=\"149\">Title of the Project<\/td>\n<td width=\"11\">:<\/td>\n<td width=\"533\">Mu\u015f Province, Malazgirt District Vineyard Project<\/td>\n<\/tr>\n<tr>\n<td width=\"149\">Administration<\/td>\n<td width=\"11\">:<\/td>\n<td width=\"533\">Central Finance and Contracts Unit<\/td>\n<\/tr>\n<tr>\n<td width=\"149\">Programme<\/td>\n<td width=\"11\">:<\/td>\n<td width=\"533\">Eastern Anatolia Development Programme \u2013 Agriculture &amp; Rural Development Component<\/td>\n<\/tr>\n<tr>\n<td width=\"149\">Beneficiary<\/td>\n<td width=\"11\">:<\/td>\n<td width=\"533\">Malazgirt District Association of Service Provision For Villages \u2013 Turkey<\/td>\n<\/tr>\n<tr>\n<td width=\"149\">Partners<\/td>\n<td width=\"11\">:<\/td>\n<td width=\"533\">Istanbul Mulkiyeliler Foundation \u2013 Turkey<\/td>\n<\/tr>\n<tr>\n<td width=\"149\">\u00a0<\/td>\n<td width=\"11\">\u00a0<\/td>\n<td width=\"533\">Environmental and Cultural Heritage Conservation Association \u2013Turkey<\/td>\n<\/tr>\n<tr>\n<td width=\"149\">Budget (Euro)<\/td>\n<td width=\"11\">:<\/td>\n<td width=\"533\">120.440,00<\/td>\n<\/tr>\n<tr>\n<td width=\"149\">Duration (Months)<\/td>\n<td width=\"11\">:<\/td>\n<td width=\"533\">18<\/td>\n<\/tr>\n<tr>\n<td width=\"149\">Objectives<\/td>\n<td width=\"11\">:<\/td>\n<td width=\"533\">\n<blockquote>\n<p>Purpose of the project is to increase income resources by diversification of agricultural products through motivation of agricultural labour and hence, contributing to increasing socio-economic level of the region from the view of both quantity and quality through realisation of this income increase.<\/p>\n<\/blockquote>\n<\/td>\n<\/tr>\n<tr>\n<td>\n<hr \/>\n<\/td>\n<td>\u00a0<\/td>\n<td>\n<hr \/>\n<\/td>\n<\/tr>\n<tr>\n<td width=\"149\"><strong>Title of the Project<\/strong><\/td>\n<td width=\"11\">:<\/td>\n<td width=\"533\"><strong>Encouragement of Organic Agriculture in Cross Border Provinces Project<\/strong><\/td>\n<\/tr>\n<tr>\n<td width=\"149\">Administration<\/td>\n<td width=\"11\">:<\/td>\n<td width=\"533\">Central Finance and Contracts Unit<\/td>\n<\/tr>\n<tr>\n<td width=\"149\">Programme<\/td>\n<td width=\"11\">:<\/td>\n<td width=\"533\">Joint Small Projects Fund Bulgaria \u2013 Turkey 2004<\/td>\n<\/tr>\n<tr>\n<td width=\"149\">Beneficiary<\/td>\n<td width=\"11\">:<\/td>\n<td width=\"533\">Kof\u00e7az Municipality \u2013 Turkey<\/td>\n<\/tr>\n<tr>\n<td width=\"149\">Partners<\/td>\n<td width=\"11\">:<\/td>\n<td width=\"533\">Boljarovo Municipality \u2013 Bulgaria<\/td>\n<\/tr>\n<tr>\n<td width=\"149\">Budget (Euro)<\/td>\n<td width=\"11\">:<\/td>\n<td width=\"533\">40.874,00<\/td>\n<\/tr>\n<tr>\n<td width=\"149\">Duration (Months)<\/td>\n<td width=\"11\">:<\/td>\n<td width=\"533\">8<\/td>\n<\/tr>\n<tr>\n<td width=\"149\">Objectives<\/td>\n<td width=\"11\">:<\/td>\n<td width=\"533\">\n<blockquote>\n<p>The aim of the project is to encourage the farmers who are active in the agricultural fields of Kof\u00e7az District and Boljarovo District to start to carry out this type of agricultural activity by training them on organic agriculture.<\/p>\n<\/blockquote>\n<\/td>\n<\/tr>\n<tr>\n<td>\n<hr \/>\n<\/td>\n<td>\u00a0<\/td>\n<td>\n<hr \/>\n<\/td>\n<\/tr>\n<tr>\n<td width=\"149\">Title of the Project<\/td>\n<td width=\"11\">:<\/td>\n<td width=\"533\">Dereli Trout Breading Capacity Building Project<\/td>\n<\/tr>\n<tr>\n<td width=\"149\">Administration<\/td>\n<td width=\"11\">:<\/td>\n<td width=\"533\">Central Finance and Contracting Unit<\/td>\n<\/tr>\n<tr>\n<td width=\"149\">Programme<\/td>\n<td width=\"11\">:<\/td>\n<td width=\"533\">Regional Development in TR90 (Artvin, Giresun, G\u00fcm\u00fc\u015fhane, Ordu, Rize and Trabzon)\u00a0<\/td>\n<\/tr>\n<tr>\n<td width=\"149\">\u00a0<\/td>\n<td width=\"11\">\u00a0<\/td>\n<td width=\"533\">NUTS II Region \u2013 Local Development Initiatives (LDI) Grant Scheme<\/td>\n<\/tr>\n<tr>\n<td width=\"149\">Beneficiary<\/td>\n<td width=\"11\">:<\/td>\n<td width=\"533\">Dereli Chamber of Agriculture \u2013 Turkey<\/td>\n<\/tr>\n<tr>\n<td width=\"149\">Partners<\/td>\n<td width=\"11\">:<\/td>\n<td width=\"533\">Environmental and Cultural Heritage Conservation Association \u2013 Turkey<\/td>\n<\/tr>\n<tr>\n<td width=\"149\">Budget (Euro)<\/td>\n<td width=\"11\">:<\/td>\n<td width=\"533\">74.953,50<\/td>\n<\/tr>\n<tr>\n<td width=\"149\">Duration (Months)<\/td>\n<td width=\"11\">:<\/td>\n<td width=\"533\">12<\/td>\n<\/tr>\n<tr>\n<td width=\"149\">Objectives<\/td>\n<td width=\"11\">:<\/td>\n<td width=\"533\">\n<blockquote>\n<p>60% increase in production, 30% decrease in production costs and increasing revenues by 60%, new investments by 40%, employment by 50% in production of trout, in Dereli, via delivery of 700 hrs. long education to 150 trout breaders, 50 hrs. long education to 8 experts of district directorate of agriculture and conducting min. 3 sample applications, 675 hrs. long consultancy for increasing productivity in trout beading, in Dereli.<\/p>\n<\/blockquote>\n<\/td>\n<\/tr>\n<\/tbody>\n<\/table>\n<\/div><div class=\"fusion-clearfix\"><\/div>\n\n\t\t\t\t\t<\/div>\n\t\t\t\t<\/div><div  class=\"fusion-layout-column fusion_builder_column fusion_builder_column_1_6 fusion-builder-column-3 fusion-one-sixth fusion-column-last 1_6\"  style='margin-top:0px;margin-bottom:0px;width:13.3333%'>\n\t\t\t\t\t<div class=\"fusion-column-wrapper\" style=\"padding: 0px 0px 0px 0px;background-position:left top;background-repeat:no-repeat;-webkit-background-size:cover;-moz-background-size:cover;-o-background-size:cover;background-size:cover;\"   data-bg-url=\"\">\n\t\t\t\t\t\t<div class=\"fusion-clearfix\"><\/div>\n\n\t\t\t\t\t<\/div>\n\t\t\t\t<\/div><\/div><\/div>\n","protected":false},"excerpt":{"rendered":"","protected":false},"author":1,"featured_media":0,"parent":2574,"menu_order":0,"comment_status":"closed","ping_status":"closed","template":"","meta":{"footnotes":""},"class_list":["post-2582","page","type-page","status-publish","hentry"],"yoast_head":"<!-- This site is optimized with the Yoast SEO plugin v20.5 - https:\/\/yoast.com\/wordpress\/plugins\/seo\/ -->\n<title>Rural Development - Orens Consultancy<\/title>\n<meta name=\"robots\" content=\"index, follow, max-snippet:-1, max-image-preview:large, max-video-preview:-1\" \/>\n<link rel=\"canonical\" href=\"http:\/\/orensgroup.com\/en\/references\/non-profit-organisations\/economic-development\/rural-development\/\" \/>\n<meta property=\"og:locale\" content=\"en_US\" \/>\n<meta property=\"og:type\" content=\"article\" \/>\n<meta property=\"og:title\" content=\"Rural Development - Orens Consultancy\" \/>\n<meta property=\"og:url\" content=\"http:\/\/orensgroup.com\/en\/references\/non-profit-organisations\/economic-development\/rural-development\/\" \/>\n<meta property=\"og:site_name\" content=\"Orens Consultancy\" \/>\n<meta property=\"article:modified_time\" content=\"2024-10-08T05:33:38+00:00\" \/>\n<meta name=\"twitter:card\" content=\"summary_large_image\" \/>\n<meta name=\"twitter:label1\" content=\"Est. reading time\" \/>\n\t<meta name=\"twitter:data1\" content=\"3 minutes\" \/>\n<script type=\"application\/ld+json\" class=\"yoast-schema-graph\">{\"@context\":\"https:\/\/schema.org\",\"@graph\":[{\"@type\":\"WebPage\",\"@id\":\"http:\/\/orensgroup.com\/en\/references\/non-profit-organisations\/economic-development\/rural-development\/\",\"url\":\"http:\/\/orensgroup.com\/en\/references\/non-profit-organisations\/economic-development\/rural-development\/\",\"name\":\"Rural Development - Orens Consultancy\",\"isPartOf\":{\"@id\":\"https:\/\/orensgroup.com\/en\/#website\"},\"datePublished\":\"2023-04-26T14:23:01+00:00\",\"dateModified\":\"2024-10-08T05:33:38+00:00\",\"breadcrumb\":{\"@id\":\"http:\/\/orensgroup.com\/en\/references\/non-profit-organisations\/economic-development\/rural-development\/#breadcrumb\"},\"inLanguage\":\"en-US\",\"potentialAction\":[{\"@type\":\"ReadAction\",\"target\":[\"http:\/\/orensgroup.com\/en\/references\/non-profit-organisations\/economic-development\/rural-development\/\"]}]},{\"@type\":\"BreadcrumbList\",\"@id\":\"http:\/\/orensgroup.com\/en\/references\/non-profit-organisations\/economic-development\/rural-development\/#breadcrumb\",\"itemListElement\":[{\"@type\":\"ListItem\",\"position\":1,\"name\":\"Anasayfa\",\"item\":\"https:\/\/orensgroup.com\/en\/\"},{\"@type\":\"ListItem\",\"position\":2,\"name\":\"References\",\"item\":\"http:\/\/orensgroup.com\/en\/references\/\"},{\"@type\":\"ListItem\",\"position\":3,\"name\":\"Non-Profit Organisations\",\"item\":\"http:\/\/orensgroup.com\/en\/references\/non-profit-organisations\/\"},{\"@type\":\"ListItem\",\"position\":4,\"name\":\"Economic Development\",\"item\":\"http:\/\/orensgroup.com\/en\/references\/non-profit-organisations\/economic-development\/\"},{\"@type\":\"ListItem\",\"position\":5,\"name\":\"Rural Development\"}]},{\"@type\":\"WebSite\",\"@id\":\"https:\/\/orensgroup.com\/en\/#website\",\"url\":\"https:\/\/orensgroup.com\/en\/\",\"name\":\"Orens Consultancy\",\"description\":\"CONSULTANCY\",\"potentialAction\":[{\"@type\":\"SearchAction\",\"target\":{\"@type\":\"EntryPoint\",\"urlTemplate\":\"https:\/\/orensgroup.com\/en\/?s={search_term_string}\"},\"query-input\":\"required name=search_term_string\"}],\"inLanguage\":\"en-US\"}]}<\/script>\n<!-- \/ Yoast SEO plugin. -->","yoast_head_json":{"title":"Rural Development - Orens Consultancy","robots":{"index":"index","follow":"follow","max-snippet":"max-snippet:-1","max-image-preview":"max-image-preview:large","max-video-preview":"max-video-preview:-1"},"canonical":"http:\/\/orensgroup.com\/en\/references\/non-profit-organisations\/economic-development\/rural-development\/","og_locale":"en_US","og_type":"article","og_title":"Rural Development - Orens Consultancy","og_url":"http:\/\/orensgroup.com\/en\/references\/non-profit-organisations\/economic-development\/rural-development\/","og_site_name":"Orens Consultancy","article_modified_time":"2024-10-08T05:33:38+00:00","twitter_card":"summary_large_image","twitter_misc":{"Est. reading time":"3 minutes"},"schema":{"@context":"https:\/\/schema.org","@graph":[{"@type":"WebPage","@id":"http:\/\/orensgroup.com\/en\/references\/non-profit-organisations\/economic-development\/rural-development\/","url":"http:\/\/orensgroup.com\/en\/references\/non-profit-organisations\/economic-development\/rural-development\/","name":"Rural Development - Orens Consultancy","isPartOf":{"@id":"https:\/\/orensgroup.com\/en\/#website"},"datePublished":"2023-04-26T14:23:01+00:00","dateModified":"2024-10-08T05:33:38+00:00","breadcrumb":{"@id":"http:\/\/orensgroup.com\/en\/references\/non-profit-organisations\/economic-development\/rural-development\/#breadcrumb"},"inLanguage":"en-US","potentialAction":[{"@type":"ReadAction","target":["http:\/\/orensgroup.com\/en\/references\/non-profit-organisations\/economic-development\/rural-development\/"]}]},{"@type":"BreadcrumbList","@id":"http:\/\/orensgroup.com\/en\/references\/non-profit-organisations\/economic-development\/rural-development\/#breadcrumb","itemListElement":[{"@type":"ListItem","position":1,"name":"Anasayfa","item":"https:\/\/orensgroup.com\/en\/"},{"@type":"ListItem","position":2,"name":"References","item":"http:\/\/orensgroup.com\/en\/references\/"},{"@type":"ListItem","position":3,"name":"Non-Profit Organisations","item":"http:\/\/orensgroup.com\/en\/references\/non-profit-organisations\/"},{"@type":"ListItem","position":4,"name":"Economic Development","item":"http:\/\/orensgroup.com\/en\/references\/non-profit-organisations\/economic-development\/"},{"@type":"ListItem","position":5,"name":"Rural Development"}]},{"@type":"WebSite","@id":"https:\/\/orensgroup.com\/en\/#website","url":"https:\/\/orensgroup.com\/en\/","name":"Orens Consultancy","description":"CONSULTANCY","potentialAction":[{"@type":"SearchAction","target":{"@type":"EntryPoint","urlTemplate":"https:\/\/orensgroup.com\/en\/?s={search_term_string}"},"query-input":"required name=search_term_string"}],"inLanguage":"en-US"}]}},"acf":[],"_links":{"self":[{"href":"http:\/\/orensgroup.com\/en\/wp-json\/wp\/v2\/pages\/2582","targetHints":{"allow":["GET"]}}],"collection":[{"href":"http:\/\/orensgroup.com\/en\/wp-json\/wp\/v2\/pages"}],"about":[{"href":"http:\/\/orensgroup.com\/en\/wp-json\/wp\/v2\/types\/page"}],"author":[{"embeddable":true,"href":"http:\/\/orensgroup.com\/en\/wp-json\/wp\/v2\/users\/1"}],"replies":[{"embeddable":true,"href":"http:\/\/orensgroup.com\/en\/wp-json\/wp\/v2\/comments?post=2582"}],"version-history":[{"count":8,"href":"http:\/\/orensgroup.com\/en\/wp-json\/wp\/v2\/pages\/2582\/revisions"}],"predecessor-version":[{"id":2819,"href":"http:\/\/orensgroup.com\/en\/wp-json\/wp\/v2\/pages\/2582\/revisions\/2819"}],"up":[{"embeddable":true,"href":"http:\/\/orensgroup.com\/en\/wp-json\/wp\/v2\/pages\/2574"}],"wp:attachment":[{"href":"http:\/\/orensgroup.com\/en\/wp-json\/wp\/v2\/media?parent=2582"}],"curies":[{"name":"wp","href":"https:\/\/api.w.org\/{rel}","templated":true}]}}