{"id":2584,"date":"2023-04-26T17:23:23","date_gmt":"2023-04-26T14:23:23","guid":{"rendered":"http:\/\/orensgroup.com\/en\/?page_id=2584"},"modified":"2024-10-08T08:36:56","modified_gmt":"2024-10-08T05:36:56","slug":"business-support","status":"publish","type":"page","link":"http:\/\/orensgroup.com\/en\/references\/non-profit-organisations\/economic-development\/business-support\/","title":{"rendered":"Business Support"},"content":{"rendered":"<div class=\"fusion-fullwidth fullwidth-box fusion-builder-row-1 nonhundred-percent-fullwidth non-hundred-percent-height-scrolling\"  style='background-color: #ffffff;background-position: center center;background-repeat: no-repeat;padding-top:0px;padding-right:0px;padding-bottom:0px;padding-left:0px;'><div class=\"fusion-builder-row fusion-row \"><div  class=\"fusion-layout-column fusion_builder_column fusion_builder_column_1_6 fusion-builder-column-1 fusion-one-sixth fusion-column-first 1_6\"  style='margin-top:0px;margin-bottom:0px;width:13.3333%; margin-right: 4%;'>\n\t\t\t\t\t<div class=\"fusion-column-wrapper\" style=\"padding: 0px 0px 0px 0px;background-position:left top;background-repeat:no-repeat;-webkit-background-size:cover;-moz-background-size:cover;-o-background-size:cover;background-size:cover;\"   data-bg-url=\"\">\n\t\t\t\t\t\t<div class=\"fusion-clearfix\"><\/div>\n\n\t\t\t\t\t<\/div>\n\t\t\t\t<\/div><div  class=\"fusion-layout-column fusion_builder_column fusion_builder_column_2_3 fusion-builder-column-2 fusion-two-third 2_3\"  style='margin-top:0px;margin-bottom:0px;width:65.3333%; margin-right: 4%;'>\n\t\t\t\t\t<div class=\"fusion-column-wrapper\" style=\"padding: 0px 0px 0px 0px;background-position:left top;background-repeat:no-repeat;-webkit-background-size:cover;-moz-background-size:cover;-o-background-size:cover;background-size:cover;\"   data-bg-url=\"\">\n\t\t\t\t\t\t<div class=\"fusion-text\"><table width=\"693\">\n<tbody>\n<tr>\n<td colspan=\"3\" width=\"693\"><strong>Capacity Building and Business Support<\/strong><\/td>\n<\/tr>\n<tr>\n<td>\u00a0<\/td>\n<td>\u00a0<\/td>\n<td>\u00a0<\/td>\n<\/tr>\n<tr>\n<td width=\"149\">Title of the Project<\/td>\n<td width=\"11\">:<\/td>\n<td width=\"533\">Turkey \u2013 Bulgaria Cross Border Craftmen and Artesians Cooperation Platform (CCACP) Project<\/td>\n<\/tr>\n<tr>\n<td width=\"149\">Administration<\/td>\n<td width=\"11\">:<\/td>\n<td width=\"533\">Central Finance and Contracts Unit<\/td>\n<\/tr>\n<tr>\n<td width=\"149\">Programme<\/td>\n<td width=\"11\">:<\/td>\n<td width=\"533\">Joint Small Projects Fund Bulgaria \u2013 Turkey 2004<\/td>\n<\/tr>\n<tr>\n<td width=\"149\">Beneficiary<\/td>\n<td width=\"11\">:<\/td>\n<td width=\"533\">Babaeski Chamber of Creftsman and Artesians \u2013 Turkey<\/td>\n<\/tr>\n<tr>\n<td width=\"149\">Partners<\/td>\n<td width=\"11\">:<\/td>\n<td width=\"533\">Yambol Regional Chamber of Craftsmen \u2013 Bulgaria<\/td>\n<\/tr>\n<tr>\n<td width=\"149\">Budget (Euro)<\/td>\n<td width=\"11\">:<\/td>\n<td width=\"533\">38.252,50<\/td>\n<\/tr>\n<tr>\n<td width=\"149\">Duration (Months)<\/td>\n<td width=\"11\">:<\/td>\n<td width=\"533\">8<\/td>\n<\/tr>\n<tr>\n<td width=\"149\">Objectives<\/td>\n<td width=\"11\">:<\/td>\n<td width=\"533\">\n<blockquote>\n<p>The project aims at creation of a cross border cooperation environment throuhg joint solid activities and projects and at mutual exchange of know-how, and knowledge and experience sharing through bilateral visits and organisations, such as works groups and workshops, among craftsmen and artesians in Babaeski and Yambol.<\/p>\n<\/blockquote>\n<\/td>\n<\/tr>\n<tr>\n<td>\n<hr \/>\n<\/td>\n<td>\u00a0<\/td>\n<td>\n<hr \/>\n<\/td>\n<\/tr>\n<tr>\n<td width=\"149\">Title of the Project<\/td>\n<td width=\"11\">:<\/td>\n<td width=\"533\">Kars SME Owners and Manager General Capacity Building Project<\/td>\n<\/tr>\n<tr>\n<td width=\"149\">Administration<\/td>\n<td width=\"11\">:<\/td>\n<td width=\"533\">Central Finance and Contracts Unit<\/td>\n<\/tr>\n<tr>\n<td width=\"149\">Programme<\/td>\n<td width=\"11\">:<\/td>\n<td width=\"533\">Regional Development in TRA2 (A\u011fr\u0131, Ardahan, I\u011fd\u0131r and Kars), TR72 (Kayseri, Sivas and Yozgat),\u00a0<\/td>\n<\/tr>\n<tr>\n<td width=\"149\">\u00a0<\/td>\n<td width=\"11\">\u00a0<\/td>\n<td width=\"533\">TR52\u00a0(Karaman and Konya) and TRB1 (Bing\u00f6l, Elaz\u0131\u011f, Malatya and Tunceli) NUTS II Regions<\/td>\n<\/tr>\n<tr>\n<td width=\"149\">Beneficiary<\/td>\n<td width=\"11\">:<\/td>\n<td width=\"533\">Kars Chamber of Commerce and Industry \u2013 Turkey<\/td>\n<\/tr>\n<tr>\n<td width=\"149\">Partners<\/td>\n<td width=\"11\">:<\/td>\n<td width=\"533\">Hedef Communiterain Thought and Aid Association \u2013 Turkey<\/td>\n<\/tr>\n<tr>\n<td width=\"149\">Budget (Euro)<\/td>\n<td width=\"11\">:<\/td>\n<td width=\"533\">90.217,05<\/td>\n<\/tr>\n<tr>\n<td width=\"149\">Duration (Months)<\/td>\n<td width=\"11\">:<\/td>\n<td width=\"533\">12<\/td>\n<\/tr>\n<tr>\n<td width=\"149\">Objectives<\/td>\n<td width=\"11\">:<\/td>\n<td width=\"533\">\n<blockquote>\n<p>Project aims to increase efficiency, improve the financial performances of SMEs with 10-50 employees and hence to contribute to the economic development of the region\u00a0 through provision of educational and consultancy services to owners and managers of these SMEs.<\/p>\n<\/blockquote>\n<\/td>\n<\/tr>\n<tr>\n<td>\n<hr \/>\n<\/td>\n<td>\u00a0<\/td>\n<td>\n<hr \/>\n<\/td>\n<\/tr>\n<tr>\n<td width=\"149\">Title of the Project<\/td>\n<td width=\"11\">:<\/td>\n<td width=\"533\">Capacity Building Project For Tourism Sector Personnel in the Border Region between Turkey\u00a0<\/td>\n<\/tr>\n<tr>\n<td width=\"149\">\u00a0<\/td>\n<td width=\"11\">\u00a0<\/td>\n<td width=\"533\">and Bulgaria<\/td>\n<\/tr>\n<tr>\n<td width=\"149\">Administration<\/td>\n<td width=\"11\">:<\/td>\n<td width=\"533\">Central Finance and Contracts Unit<\/td>\n<\/tr>\n<tr>\n<td width=\"149\">Programme<\/td>\n<td width=\"11\">:<\/td>\n<td width=\"533\">Bulgaria \u2013 Turkey 2005 Joint Small Projects Fund<\/td>\n<\/tr>\n<tr>\n<td width=\"149\">Beneficiary<\/td>\n<td width=\"11\">:<\/td>\n<td width=\"533\">Demirkoy Natural Cultural Values Protection and Promotion Association \u2013 Turkey<\/td>\n<\/tr>\n<tr>\n<td width=\"149\">Partners<\/td>\n<td width=\"11\">:<\/td>\n<td width=\"533\">Burgas Regional Tourism Association \u2013 Bulgaria<\/td>\n<\/tr>\n<tr>\n<td width=\"149\">Budget (Euro)<\/td>\n<td width=\"11\">:<\/td>\n<td width=\"533\">31.907,40<\/td>\n<\/tr>\n<tr>\n<td width=\"149\">Duration (Months)<\/td>\n<td width=\"11\">:<\/td>\n<td width=\"533\">6<\/td>\n<\/tr>\n<tr>\n<td width=\"149\">Objectives<\/td>\n<td width=\"11\">:<\/td>\n<td width=\"533\">\n<blockquote>\n<p>To increase number of tourists visiting the region, to increase tourism revenues, to increase tourism investments, to increase employment opportunities in tourism sector, to increase social and economic development in the region via training tourism personnel of 54 newly established small tourism enterprises in K\u0131rklareli and Burgas.<\/p>\n<\/blockquote>\n<\/td>\n<\/tr>\n<tr>\n<td>\n<hr \/>\n<\/td>\n<td>\u00a0<\/td>\n<td>\n<hr \/>\n<\/td>\n<\/tr>\n<tr>\n<td width=\"149\">Title of the Project<\/td>\n<td width=\"11\">:<\/td>\n<td width=\"533\">EXPOCBC E-Commerce Portal Project<\/td>\n<\/tr>\n<tr>\n<td width=\"149\">Administration<\/td>\n<td width=\"11\">:<\/td>\n<td width=\"533\">Central Finance and Contracts Unit<\/td>\n<\/tr>\n<tr>\n<td width=\"149\">Programme<\/td>\n<td width=\"11\">:<\/td>\n<td width=\"533\">Turkey-Bulgaria Cross-Border Cooperation: Joint Small Projects Fund<\/td>\n<\/tr>\n<tr>\n<td width=\"149\">Beneficiary<\/td>\n<td width=\"11\">:<\/td>\n<td width=\"533\">Babaeski Chamber of Commerce and Industry \u2013 Turkey<\/td>\n<\/tr>\n<tr>\n<td width=\"149\">Partners<\/td>\n<td width=\"11\">:<\/td>\n<td width=\"533\">Haskovo Chamber of Commerce and Industry \u2013 Bulgaria<\/td>\n<\/tr>\n<tr>\n<td width=\"149\">Budget (Euro)<\/td>\n<td width=\"11\">:<\/td>\n<td width=\"533\">30,869.50<\/td>\n<\/tr>\n<tr>\n<td width=\"149\">Duration (Months)<\/td>\n<td width=\"11\">:<\/td>\n<td width=\"533\">8<\/td>\n<\/tr>\n<tr>\n<td width=\"149\">Objectives<\/td>\n<td width=\"11\">:<\/td>\n<td width=\"533\">\n<blockquote>\n<p>Increasing commercial activities in the region with e-commerce portal, economic development through expanded cross-border business transactions and better integration of local business market with the EU and the outside world by provision of information about the business in the region via establishment of an e-commerce internet portal, with details of all businesses active in the border region, promoted as main e-commerce tool for the business in the region.<\/p>\n<\/blockquote>\n<\/td>\n<\/tr>\n<tr>\n<td>\n<hr \/>\n<\/td>\n<td>\u00a0<\/td>\n<td>\n<hr \/>\n<\/td>\n<\/tr>\n<tr>\n<td width=\"149\">Title of the Project<\/td>\n<td width=\"11\">:<\/td>\n<td width=\"533\">\u2018Expansion of Van \u0130\u015eGEM\u2019 Project Action Support<\/td>\n<\/tr>\n<tr>\n<td width=\"149\">Administration<\/td>\n<td width=\"11\">:<\/td>\n<td width=\"533\">Eastern Anatolia Development Agency<\/td>\n<\/tr>\n<tr>\n<td width=\"149\">Programme<\/td>\n<td width=\"11\">:<\/td>\n<td width=\"533\">Direct Action Support \u2013 2011<\/td>\n<\/tr>\n<tr>\n<td width=\"149\">Beneficiary<\/td>\n<td width=\"11\">:<\/td>\n<td width=\"533\">Van Industrialists and Businessmen Association \u2013 Turkey<\/td>\n<\/tr>\n<tr>\n<td width=\"149\">Partners<\/td>\n<td width=\"11\">:<\/td>\n<td width=\"533\">Not Applicable<\/td>\n<\/tr>\n<tr>\n<td width=\"149\">Budget (TL)<\/td>\n<td width=\"11\">:<\/td>\n<td width=\"533\">69.920,00<\/td>\n<\/tr>\n<tr>\n<td width=\"149\">Duration (Months)<\/td>\n<td width=\"11\">:<\/td>\n<td width=\"533\">3<\/td>\n<\/tr>\n<tr>\n<td width=\"149\">Objectives<\/td>\n<td width=\"11\">:<\/td>\n<td width=\"533\">\n<blockquote>\n<p>The tender dossier for construction works through preparation of engineering projects in the context of the contract signed between the Beneficiary and Administration, in the framework of European Union\u2019s IPA Regional Competitiveness Operational Programme \u2013 RCOP (2007 \u2013 2009).<\/p>\n<\/blockquote>\n<\/td>\n<\/tr>\n<\/tbody>\n<\/table>\n<\/div><div class=\"fusion-clearfix\"><\/div>\n\n\t\t\t\t\t<\/div>\n\t\t\t\t<\/div><div  class=\"fusion-layout-column fusion_builder_column fusion_builder_column_1_6 fusion-builder-column-3 fusion-one-sixth fusion-column-last 1_6\"  style='margin-top:0px;margin-bottom:0px;width:13.3333%'>\n\t\t\t\t\t<div class=\"fusion-column-wrapper\" style=\"padding: 0px 0px 0px 0px;background-position:left top;background-repeat:no-repeat;-webkit-background-size:cover;-moz-background-size:cover;-o-background-size:cover;background-size:cover;\"   data-bg-url=\"\">\n\t\t\t\t\t\t<div class=\"fusion-clearfix\"><\/div>\n\n\t\t\t\t\t<\/div>\n\t\t\t\t<\/div><\/div><\/div>\n","protected":false},"excerpt":{"rendered":"","protected":false},"author":1,"featured_media":0,"parent":2574,"menu_order":0,"comment_status":"closed","ping_status":"closed","template":"","meta":{"footnotes":""},"class_list":["post-2584","page","type-page","status-publish","hentry"],"yoast_head":"<!-- This site is optimized with the Yoast SEO plugin v20.5 - https:\/\/yoast.com\/wordpress\/plugins\/seo\/ -->\n<title>Business Support - Orens Consultancy<\/title>\n<meta name=\"robots\" content=\"index, follow, max-snippet:-1, max-image-preview:large, max-video-preview:-1\" \/>\n<link rel=\"canonical\" href=\"http:\/\/orensgroup.com\/en\/references\/non-profit-organisations\/economic-development\/business-support\/\" \/>\n<meta property=\"og:locale\" content=\"en_US\" \/>\n<meta property=\"og:type\" content=\"article\" \/>\n<meta property=\"og:title\" content=\"Business Support - Orens Consultancy\" \/>\n<meta property=\"og:url\" content=\"http:\/\/orensgroup.com\/en\/references\/non-profit-organisations\/economic-development\/business-support\/\" \/>\n<meta property=\"og:site_name\" content=\"Orens Consultancy\" \/>\n<meta property=\"article:modified_time\" content=\"2024-10-08T05:36:56+00:00\" \/>\n<meta name=\"twitter:card\" content=\"summary_large_image\" \/>\n<meta name=\"twitter:label1\" content=\"Est. reading time\" \/>\n\t<meta name=\"twitter:data1\" content=\"3 minutes\" \/>\n<script type=\"application\/ld+json\" class=\"yoast-schema-graph\">{\"@context\":\"https:\/\/schema.org\",\"@graph\":[{\"@type\":\"WebPage\",\"@id\":\"http:\/\/orensgroup.com\/en\/references\/non-profit-organisations\/economic-development\/business-support\/\",\"url\":\"http:\/\/orensgroup.com\/en\/references\/non-profit-organisations\/economic-development\/business-support\/\",\"name\":\"Business Support - Orens Consultancy\",\"isPartOf\":{\"@id\":\"https:\/\/orensgroup.com\/en\/#website\"},\"datePublished\":\"2023-04-26T14:23:23+00:00\",\"dateModified\":\"2024-10-08T05:36:56+00:00\",\"breadcrumb\":{\"@id\":\"http:\/\/orensgroup.com\/en\/references\/non-profit-organisations\/economic-development\/business-support\/#breadcrumb\"},\"inLanguage\":\"en-US\",\"potentialAction\":[{\"@type\":\"ReadAction\",\"target\":[\"http:\/\/orensgroup.com\/en\/references\/non-profit-organisations\/economic-development\/business-support\/\"]}]},{\"@type\":\"BreadcrumbList\",\"@id\":\"http:\/\/orensgroup.com\/en\/references\/non-profit-organisations\/economic-development\/business-support\/#breadcrumb\",\"itemListElement\":[{\"@type\":\"ListItem\",\"position\":1,\"name\":\"Anasayfa\",\"item\":\"https:\/\/orensgroup.com\/en\/\"},{\"@type\":\"ListItem\",\"position\":2,\"name\":\"References\",\"item\":\"http:\/\/orensgroup.com\/en\/references\/\"},{\"@type\":\"ListItem\",\"position\":3,\"name\":\"Non-Profit Organisations\",\"item\":\"http:\/\/orensgroup.com\/en\/references\/non-profit-organisations\/\"},{\"@type\":\"ListItem\",\"position\":4,\"name\":\"Economic Development\",\"item\":\"http:\/\/orensgroup.com\/en\/references\/non-profit-organisations\/economic-development\/\"},{\"@type\":\"ListItem\",\"position\":5,\"name\":\"Business Support\"}]},{\"@type\":\"WebSite\",\"@id\":\"https:\/\/orensgroup.com\/en\/#website\",\"url\":\"https:\/\/orensgroup.com\/en\/\",\"name\":\"Orens Consultancy\",\"description\":\"CONSULTANCY\",\"potentialAction\":[{\"@type\":\"SearchAction\",\"target\":{\"@type\":\"EntryPoint\",\"urlTemplate\":\"https:\/\/orensgroup.com\/en\/?s={search_term_string}\"},\"query-input\":\"required name=search_term_string\"}],\"inLanguage\":\"en-US\"}]}<\/script>\n<!-- \/ Yoast SEO plugin. -->","yoast_head_json":{"title":"Business Support - Orens Consultancy","robots":{"index":"index","follow":"follow","max-snippet":"max-snippet:-1","max-image-preview":"max-image-preview:large","max-video-preview":"max-video-preview:-1"},"canonical":"http:\/\/orensgroup.com\/en\/references\/non-profit-organisations\/economic-development\/business-support\/","og_locale":"en_US","og_type":"article","og_title":"Business Support - Orens Consultancy","og_url":"http:\/\/orensgroup.com\/en\/references\/non-profit-organisations\/economic-development\/business-support\/","og_site_name":"Orens Consultancy","article_modified_time":"2024-10-08T05:36:56+00:00","twitter_card":"summary_large_image","twitter_misc":{"Est. reading time":"3 minutes"},"schema":{"@context":"https:\/\/schema.org","@graph":[{"@type":"WebPage","@id":"http:\/\/orensgroup.com\/en\/references\/non-profit-organisations\/economic-development\/business-support\/","url":"http:\/\/orensgroup.com\/en\/references\/non-profit-organisations\/economic-development\/business-support\/","name":"Business Support - Orens Consultancy","isPartOf":{"@id":"https:\/\/orensgroup.com\/en\/#website"},"datePublished":"2023-04-26T14:23:23+00:00","dateModified":"2024-10-08T05:36:56+00:00","breadcrumb":{"@id":"http:\/\/orensgroup.com\/en\/references\/non-profit-organisations\/economic-development\/business-support\/#breadcrumb"},"inLanguage":"en-US","potentialAction":[{"@type":"ReadAction","target":["http:\/\/orensgroup.com\/en\/references\/non-profit-organisations\/economic-development\/business-support\/"]}]},{"@type":"BreadcrumbList","@id":"http:\/\/orensgroup.com\/en\/references\/non-profit-organisations\/economic-development\/business-support\/#breadcrumb","itemListElement":[{"@type":"ListItem","position":1,"name":"Anasayfa","item":"https:\/\/orensgroup.com\/en\/"},{"@type":"ListItem","position":2,"name":"References","item":"http:\/\/orensgroup.com\/en\/references\/"},{"@type":"ListItem","position":3,"name":"Non-Profit Organisations","item":"http:\/\/orensgroup.com\/en\/references\/non-profit-organisations\/"},{"@type":"ListItem","position":4,"name":"Economic Development","item":"http:\/\/orensgroup.com\/en\/references\/non-profit-organisations\/economic-development\/"},{"@type":"ListItem","position":5,"name":"Business Support"}]},{"@type":"WebSite","@id":"https:\/\/orensgroup.com\/en\/#website","url":"https:\/\/orensgroup.com\/en\/","name":"Orens Consultancy","description":"CONSULTANCY","potentialAction":[{"@type":"SearchAction","target":{"@type":"EntryPoint","urlTemplate":"https:\/\/orensgroup.com\/en\/?s={search_term_string}"},"query-input":"required name=search_term_string"}],"inLanguage":"en-US"}]}},"acf":[],"_links":{"self":[{"href":"http:\/\/orensgroup.com\/en\/wp-json\/wp\/v2\/pages\/2584","targetHints":{"allow":["GET"]}}],"collection":[{"href":"http:\/\/orensgroup.com\/en\/wp-json\/wp\/v2\/pages"}],"about":[{"href":"http:\/\/orensgroup.com\/en\/wp-json\/wp\/v2\/types\/page"}],"author":[{"embeddable":true,"href":"http:\/\/orensgroup.com\/en\/wp-json\/wp\/v2\/users\/1"}],"replies":[{"embeddable":true,"href":"http:\/\/orensgroup.com\/en\/wp-json\/wp\/v2\/comments?post=2584"}],"version-history":[{"count":7,"href":"http:\/\/orensgroup.com\/en\/wp-json\/wp\/v2\/pages\/2584\/revisions"}],"predecessor-version":[{"id":2820,"href":"http:\/\/orensgroup.com\/en\/wp-json\/wp\/v2\/pages\/2584\/revisions\/2820"}],"up":[{"embeddable":true,"href":"http:\/\/orensgroup.com\/en\/wp-json\/wp\/v2\/pages\/2574"}],"wp:attachment":[{"href":"http:\/\/orensgroup.com\/en\/wp-json\/wp\/v2\/media?parent=2584"}],"curies":[{"name":"wp","href":"https:\/\/api.w.org\/{rel}","templated":true}]}}