{"id":2586,"date":"2023-04-26T17:23:42","date_gmt":"2023-04-26T14:23:42","guid":{"rendered":"http:\/\/orensgroup.com\/en\/?page_id=2586"},"modified":"2024-10-08T08:42:40","modified_gmt":"2024-10-08T05:42:40","slug":"tourism-development","status":"publish","type":"page","link":"http:\/\/orensgroup.com\/en\/references\/non-profit-organisations\/economic-development\/tourism-development\/","title":{"rendered":"Tourism Development"},"content":{"rendered":"<div class=\"fusion-fullwidth fullwidth-box fusion-builder-row-1 nonhundred-percent-fullwidth non-hundred-percent-height-scrolling\"  style='background-color: #ffffff;background-position: center center;background-repeat: no-repeat;padding-top:0px;padding-right:0px;padding-bottom:0px;padding-left:0px;'><div class=\"fusion-builder-row fusion-row \"><div  class=\"fusion-layout-column fusion_builder_column fusion_builder_column_1_6 fusion-builder-column-1 fusion-one-sixth fusion-column-first 1_6\"  style='margin-top:0px;margin-bottom:0px;width:13.3333%; margin-right: 4%;'>\n\t\t\t\t\t<div class=\"fusion-column-wrapper\" style=\"padding: 0px 0px 0px 0px;background-position:left top;background-repeat:no-repeat;-webkit-background-size:cover;-moz-background-size:cover;-o-background-size:cover;background-size:cover;\"   data-bg-url=\"\">\n\t\t\t\t\t\t<div class=\"fusion-clearfix\"><\/div>\n\n\t\t\t\t\t<\/div>\n\t\t\t\t<\/div><div  class=\"fusion-layout-column fusion_builder_column fusion_builder_column_2_3 fusion-builder-column-2 fusion-two-third 2_3\"  style='margin-top:0px;margin-bottom:0px;width:65.3333%; margin-right: 4%;'>\n\t\t\t\t\t<div class=\"fusion-column-wrapper\" style=\"padding: 0px 0px 0px 0px;background-position:left top;background-repeat:no-repeat;-webkit-background-size:cover;-moz-background-size:cover;-o-background-size:cover;background-size:cover;\"   data-bg-url=\"\">\n\t\t\t\t\t\t<div class=\"fusion-text\"><p><strong>Tourism Development<\/strong><\/p>\n<table width=\"800\">\n<tbody>\n<tr>\n<td width=\"115\">Title of the Project<\/td>\n<td width=\"11\">:<\/td>\n<td width=\"499\">P\u0131narhisar \u2013 Tsarevo Lake Canoeing Project<\/td>\n<\/tr>\n<tr>\n<td width=\"115\">Administration<\/td>\n<td width=\"11\">:<\/td>\n<td width=\"499\">Central Finance and Contracts Unit<\/td>\n<\/tr>\n<tr>\n<td width=\"115\">Programme<\/td>\n<td width=\"11\">:<\/td>\n<td width=\"499\">2005 Bulgaria \u2013 Turkey Joint Small Projects Fund<\/td>\n<\/tr>\n<tr>\n<td width=\"115\">Beneficiary<\/td>\n<td width=\"11\">:<\/td>\n<td width=\"499\">P\u0131narhisar Municipality \u2013 Turkey<\/td>\n<\/tr>\n<tr>\n<td width=\"115\">Partners<\/td>\n<td width=\"11\">:<\/td>\n<td width=\"499\">Tsarevo Municipality \u2013 Bulgaria<\/td>\n<\/tr>\n<tr>\n<td width=\"115\">Budget (Euro)<\/td>\n<td width=\"11\">:<\/td>\n<td width=\"499\">48.602,61<\/td>\n<\/tr>\n<tr>\n<td width=\"115\">Duration (Months)<\/td>\n<td width=\"11\">:<\/td>\n<td width=\"499\">8<\/td>\n<\/tr>\n<tr>\n<td width=\"115\">Objectives<\/td>\n<td width=\"11\">:<\/td>\n<td width=\"499\">\n<blockquote>\n<p>Project aims at creation of environment of cooperation and friendship among societies in P\u0131narhisar and Tsarevo; preparation of environment for young generations to cooperate and work together in different fields in the future; contribution to tourism development and, thus to social and economic development in the region, in the context of P\u0131narhisar and Tsarevo; development of institutional capacity that has been started among the partners with cross border program of year 2004 via provision of education in canoeing sport and environment of collaboration for 10 youngters of 12 \u2013 16 age group youth in P\u0131narhisar and Tsarevo.<\/p>\n<\/blockquote>\n<\/td>\n<\/tr>\n<tr>\n<td width=\"115\">\n<hr \/>\n<\/td>\n<td width=\"11\">\u00a0<\/td>\n<td width=\"499\">\n<hr \/>\n<\/td>\n<\/tr>\n<tr>\n<td width=\"115\">Title of the Project<\/td>\n<td width=\"11\">:<\/td>\n<td width=\"499\">Cross Border Canoeing Festival Project<\/td>\n<\/tr>\n<tr>\n<td width=\"115\">Administration<\/td>\n<td width=\"11\">:<\/td>\n<td width=\"499\">Central Finance and Contracts Unit<\/td>\n<\/tr>\n<tr>\n<td width=\"115\">Programme<\/td>\n<td width=\"11\">:<\/td>\n<td width=\"499\">Turkey \u2013 Bulgaria Cross-Border Cooperation: Joint Small Projects Fund<\/td>\n<\/tr>\n<tr>\n<td width=\"115\">Beneficiary<\/td>\n<td width=\"11\">:<\/td>\n<td width=\"499\">P\u0131narhisar Union of Service Provision For Villages \u2013 Turkey<\/td>\n<\/tr>\n<tr>\n<td width=\"115\">Partners<\/td>\n<td width=\"11\">:<\/td>\n<td width=\"499\">Tsarevo Municipality \u2013 Bulgaria<\/td>\n<\/tr>\n<tr>\n<td width=\"115\">Budget (Euro)<\/td>\n<td width=\"11\">:<\/td>\n<td width=\"499\">36.834,75<\/td>\n<\/tr>\n<tr>\n<td width=\"115\">Duration (Months)<\/td>\n<td width=\"11\">:<\/td>\n<td width=\"499\">9<\/td>\n<\/tr>\n<tr>\n<td width=\"115\">Objectives<\/td>\n<td width=\"11\">:<\/td>\n<td width=\"499\">\n<blockquote>\n<p>Creation of environment of cooperation and friendship among societies in P\u0131narhisar and Tsarevo and preparation of environment for young generations to cooperate and work together in different fields in the future, and contribution to tourism development and, thus to social and economic development in the region, in the context of P\u0131narhisar and Tsarevo via organisation of 2 bilateral canoeing competiton activities and local music concerts in the context of sport activities, for 17 \u2013 25 age group youth in P\u0131narhisar and Tsarevo to join.<\/p>\n<\/blockquote>\n<\/td>\n<\/tr>\n<tr>\n<td width=\"115\">\n<hr \/>\n<\/td>\n<td width=\"11\">\u00a0<\/td>\n<td width=\"499\">\n<hr \/>\n<\/td>\n<\/tr>\n<tr>\n<td width=\"115\">Title of the Project<\/td>\n<td width=\"11\">:<\/td>\n<td width=\"499\">INFOCBC Information Portal Project<\/td>\n<\/tr>\n<tr>\n<td width=\"115\">Administration<\/td>\n<td width=\"11\">:<\/td>\n<td width=\"499\">Central Finance and Contracts Unit<\/td>\n<\/tr>\n<tr>\n<td width=\"115\">Programme<\/td>\n<td width=\"11\">:<\/td>\n<td width=\"499\">Turkey-Bulgaria Cross-Border Cooperation: Joint Small Projects Fund<\/td>\n<\/tr>\n<tr>\n<td width=\"115\">Beneficiary<\/td>\n<td width=\"11\">:<\/td>\n<td width=\"499\">Babaeski Municipality \u2013 Turkey<\/td>\n<\/tr>\n<tr>\n<td width=\"115\">Partners<\/td>\n<td width=\"11\">:<\/td>\n<td width=\"499\">Lyubimets Municipality \u2013 Bulgaria<\/td>\n<\/tr>\n<tr>\n<td width=\"115\">Budget (Euro)<\/td>\n<td width=\"11\">:<\/td>\n<td width=\"499\">32,367.50<\/td>\n<\/tr>\n<tr>\n<td width=\"115\">Duration (Months)<\/td>\n<td width=\"11\">:<\/td>\n<td width=\"499\">8<\/td>\n<\/tr>\n<tr>\n<td width=\"115\">Objectives<\/td>\n<td width=\"11\">:<\/td>\n<td width=\"499\">\n<blockquote>\n<p>To develop sustainable culture and nature tourism in border region, and contribute to economic and social development, to help both societies to know more about each other through cultural exchanges, and to create institutional integration among project partners, for building capacity for increased personnel and institutional capabilities via provision of extensive information about natural and cultural values of the border region, through establishment and promotion of an internet portal as the most reliable source of information for the region.<\/p>\n<\/blockquote>\n<\/td>\n<\/tr>\n<tr>\n<td width=\"115\">\n<hr \/>\n<\/td>\n<td width=\"11\">\u00a0<\/td>\n<td width=\"499\">\n<hr \/>\n<\/td>\n<\/tr>\n<tr>\n<td width=\"115\">Title of the Project<\/td>\n<td width=\"11\">:<\/td>\n<td width=\"499\">Arapgir Tourism Management Plan Project<\/td>\n<\/tr>\n<tr>\n<td width=\"115\">Administration<\/td>\n<td width=\"11\">:<\/td>\n<td width=\"499\">F\u0131rat Development Agency<\/td>\n<\/tr>\n<tr>\n<td width=\"115\">Programme<\/td>\n<td width=\"11\">:<\/td>\n<td width=\"499\">Development of Tourism Sector Financial Support Programme<\/td>\n<\/tr>\n<tr>\n<td width=\"115\">Beneficiary<\/td>\n<td width=\"11\">:<\/td>\n<td width=\"499\">Arapgir Municipality \u2013 Turkey<\/td>\n<\/tr>\n<tr>\n<td width=\"115\">Partners<\/td>\n<td width=\"11\">:<\/td>\n<td width=\"499\">Arapgir District Governorship\u2019s Union of Services Provision For Villages \u2013 Turkey<\/td>\n<\/tr>\n<tr>\n<td width=\"115\">Budget (TL)<\/td>\n<td width=\"11\">:<\/td>\n<td width=\"499\">189.777,50<\/td>\n<\/tr>\n<tr>\n<td width=\"115\">Duration (Months)<\/td>\n<td width=\"11\">:<\/td>\n<td width=\"499\">12<\/td>\n<\/tr>\n<tr>\n<td width=\"115\">Objectives<\/td>\n<td width=\"11\">:<\/td>\n<td width=\"499\">\n<blockquote>\n<p>Project aims at development of a sustainable tourism through preparation of a tourism management plan for Arapgir.<\/p>\n<\/blockquote>\n<\/td>\n<\/tr>\n<tr>\n<td width=\"115\">\n<hr \/>\n<\/td>\n<td width=\"11\">\u00a0<\/td>\n<td width=\"499\">\n<hr \/>\n<\/td>\n<\/tr>\n<tr>\n<td width=\"115\">Title of the Project<\/td>\n<td width=\"11\">:<\/td>\n<td width=\"499\">\u00c7\u0131ld\u0131r High Altitute Water Sports Camping Centre Project<\/td>\n<\/tr>\n<tr>\n<td width=\"115\">Administration<\/td>\n<td width=\"11\">:<\/td>\n<td width=\"499\">Serhat Develoment Agency<\/td>\n<\/tr>\n<tr>\n<td width=\"115\">Programme<\/td>\n<td width=\"11\">:<\/td>\n<td width=\"499\">Development of Institutional Capacity and Human Capital Financial Support Programme<\/td>\n<\/tr>\n<tr>\n<td width=\"115\">Beneficiary<\/td>\n<td width=\"11\">:<\/td>\n<td width=\"499\">Ardahan University \u2013 Turkey<\/td>\n<\/tr>\n<tr>\n<td width=\"115\">Partners<\/td>\n<td width=\"11\">:<\/td>\n<td width=\"499\">Not Applicable<\/td>\n<\/tr>\n<tr>\n<td width=\"115\">Budget (TL)<\/td>\n<td width=\"11\">:<\/td>\n<td width=\"499\">442.375,50<\/td>\n<\/tr>\n<tr>\n<td width=\"115\">Duration (Months)<\/td>\n<td width=\"11\">:<\/td>\n<td width=\"499\">12<\/td>\n<\/tr>\n<tr>\n<td width=\"115\">Objectives<\/td>\n<td width=\"11\">:<\/td>\n<td width=\"499\">\n<blockquote>\n<p>Contribution to sustainable regional development by increasing number of visitors visiting the region by 50%, increasing time spent by visitors in the region by 100% and increasing tourism renenues by 50% with Turkish Canoeing Federation ensuring 90% occupancy in the sports and camping centre during 6 months of sumer time via establishment of a 500 sqm., fully equipped high altitute water sports centre, as in-kind contribution of Ardahan University, in front of Ardahan University\u2019s accomodation facilities along \u00c7\u0131ld\u0131r Lake shoreline, promotion of this centre to both national (water sports clubs, etc.) and international (international canoeing organisations, national federations, etc.) canoeing circles with the support of Turkish Canoeing Federation and inclusion of this newly established camping centre into the camping calender of Turkish Canoeing Federation as camping centre for national teams.<\/p>\n<\/blockquote>\n<\/td>\n<\/tr>\n<tr>\n<td width=\"115\">\n<hr \/>\n<\/td>\n<td width=\"11\">\u00a0<\/td>\n<td width=\"499\">\n<hr \/>\n<\/td>\n<\/tr>\n<tr>\n<td width=\"115\">Title of the Project<\/td>\n<td width=\"11\">:<\/td>\n<td width=\"499\">Kad\u0131 Lake Tourism Attraction Centre Project<\/td>\n<\/tr>\n<tr>\n<td width=\"115\">Administration<\/td>\n<td width=\"11\">:<\/td>\n<td width=\"499\">North Eastern Development Agency<\/td>\n<\/tr>\n<tr>\n<td width=\"115\">Programme<\/td>\n<td width=\"11\">:<\/td>\n<td width=\"499\">Small Scale Infrastructure Financial Support Programme<\/td>\n<\/tr>\n<tr>\n<td width=\"115\">Beneficiary<\/td>\n<td width=\"11\">:<\/td>\n<td width=\"499\">Kemaliye Municipality \u2013 Turkey<\/td>\n<\/tr>\n<tr>\n<td width=\"115\">Partners<\/td>\n<td width=\"11\">:<\/td>\n<td width=\"499\">Not Applicable<\/td>\n<\/tr>\n<tr>\n<td width=\"115\">Budget (TL)<\/td>\n<td width=\"11\">:<\/td>\n<td width=\"499\">797.135,90<\/td>\n<\/tr>\n<tr>\n<td width=\"115\">Duration (Months)<\/td>\n<td width=\"11\">:<\/td>\n<td width=\"499\">12<\/td>\n<\/tr>\n<tr>\n<td width=\"115\">Objectives<\/td>\n<td width=\"11\">:<\/td>\n<td width=\"499\">\n<blockquote>\n<p>Increasing local tourism revenues by 50% due to minimum 20% increase in time spent in the region by visitors visiting Kemaliye by turning historical Kad\u0131 Lake water spring in Kemaliye centrum into a tourism attraction centre via creation of a 103,9 sqm. landscape viewing platform, 199,6 sqm. resting area recreational works, 625 m long tracking route construction, environmental rehabilitation for 6 historical wind mills and one bath and rehabilitation of one fountain along Kad\u0131 Lake water spring, in Kemaliye.<\/p>\n<\/blockquote>\n<\/td>\n<\/tr>\n<tr>\n<td width=\"115\">\n<hr \/>\n<\/td>\n<td width=\"11\">\u00a0<\/td>\n<td width=\"499\">\n<hr \/>\n<\/td>\n<\/tr>\n<tr>\n<td width=\"115\">Title of the Project<\/td>\n<td width=\"11\">:<\/td>\n<td width=\"499\">Kemaliye Water Sports Tourism and Promotion Project<\/td>\n<\/tr>\n<tr>\n<td width=\"115\">Administration<\/td>\n<td width=\"11\">:<\/td>\n<td width=\"499\">North Eastern Development Agency<\/td>\n<\/tr>\n<tr>\n<td width=\"115\">Programme<\/td>\n<td width=\"11\">:<\/td>\n<td width=\"499\">Sector Competitiveness Strength Development Infrastructure Programme<\/td>\n<\/tr>\n<tr>\n<td width=\"115\">Beneficiary<\/td>\n<td width=\"11\">:<\/td>\n<td width=\"499\">Kemaliye Municipality \u2013 Turkey<\/td>\n<\/tr>\n<tr>\n<td width=\"115\">Partners<\/td>\n<td width=\"11\">:<\/td>\n<td width=\"499\">KEMAV Nature Sports Club Association \u2013 Turkey<\/td>\n<\/tr>\n<tr>\n<td width=\"115\">\u00a0<\/td>\n<td width=\"11\">\u00a0<\/td>\n<td width=\"499\">Kemaliye District Governorship \u2013 Turkey<\/td>\n<\/tr>\n<tr>\n<td width=\"115\">\u00a0<\/td>\n<td width=\"11\">\u00a0<\/td>\n<td width=\"499\">Provincial Directorate of Erzincan Youth and Sports \u2013 Turkey<\/td>\n<\/tr>\n<tr>\n<td width=\"115\">Budget (TL)<\/td>\n<td width=\"11\">:<\/td>\n<td width=\"499\">2.042.361,30<\/td>\n<\/tr>\n<tr>\n<td width=\"115\">Duration (Months)<\/td>\n<td width=\"11\">:<\/td>\n<td width=\"499\">24<\/td>\n<\/tr>\n<tr>\n<td width=\"115\">Objectives<\/td>\n<td width=\"11\">:<\/td>\n<td width=\"499\">\n<blockquote>\n<p>In overall, the action aims to turn Kemaliye into a sports destination brand as a consequence of organisation of sports events and their institutionalisations with the support of TURKAF and TKF, together with promotional and marketing works within the context of Kemaliye Water Sports Centre KESUMER, and branding these activities as a tourism product. In this way, competitiveness of Tourism sector in the region will be contributed by extending tourism season to whole year and improving the tourism mobility through increasing number of tourists by 10%, tourists\u2019 average duration of stay in the region by 100% and tourism revenues by 50%. In specific, the action aims at establishment of fully equipped Kemaliye Water Sports Centre KESUMER in Kemaliye, in the area designated by the project partner EIGSM and within the framework of this water sports tourism infrastructure; (1) creation of Kemaliye nature and water sports tourism product through organisation of min. two competitions in each of the canoeing and rowing branches, with the support of TKF and TURKAF and with participation of min. 50-70 athletes in each branch, both nationally and internationally, and through institutionalisation of min. one of these competitions organised in each of these branches annually by including them in annual competition calendars of TKF and TURKAF, (2) branding Kemaliye under the concept of a town of nature sports as a tourism product through promotional activities towards 4 universities in TRA1 region; 20-22 national sports clubs that are active in canoeing and rowing branches; 10 canoeing, 10 rowing federations abroad; 8-10 tour operators and 3-5 press and media organisations within tourism sector, (3) increasing the service and institutional capacities of tourism sector in the region by organising min. four capacity-building-based tourism seminars towards managements and employees of tourism enterprises that are active in Kemaliye and TRA1 region, in general.<\/p>\n<\/blockquote>\n<\/td>\n<\/tr>\n<\/tbody>\n<\/table>\n<\/div><div class=\"fusion-clearfix\"><\/div>\n\n\t\t\t\t\t<\/div>\n\t\t\t\t<\/div><div  class=\"fusion-layout-column fusion_builder_column fusion_builder_column_1_6 fusion-builder-column-3 fusion-one-sixth fusion-column-last 1_6\"  style='margin-top:0px;margin-bottom:0px;width:13.3333%'>\n\t\t\t\t\t<div class=\"fusion-column-wrapper\" style=\"padding: 0px 0px 0px 0px;background-position:left top;background-repeat:no-repeat;-webkit-background-size:cover;-moz-background-size:cover;-o-background-size:cover;background-size:cover;\"   data-bg-url=\"\">\n\t\t\t\t\t\t<div class=\"fusion-clearfix\"><\/div>\n\n\t\t\t\t\t<\/div>\n\t\t\t\t<\/div><\/div><\/div>\n","protected":false},"excerpt":{"rendered":"","protected":false},"author":1,"featured_media":0,"parent":2574,"menu_order":0,"comment_status":"closed","ping_status":"closed","template":"","meta":{"footnotes":""},"class_list":["post-2586","page","type-page","status-publish","hentry"],"yoast_head":"<!-- This site is optimized with the Yoast SEO plugin v20.5 - https:\/\/yoast.com\/wordpress\/plugins\/seo\/ -->\n<title>Tourism Development - Orens Consultancy<\/title>\n<meta name=\"robots\" content=\"index, follow, max-snippet:-1, max-image-preview:large, max-video-preview:-1\" \/>\n<link rel=\"canonical\" href=\"http:\/\/orensgroup.com\/en\/references\/non-profit-organisations\/economic-development\/tourism-development\/\" \/>\n<meta property=\"og:locale\" content=\"en_US\" \/>\n<meta property=\"og:type\" content=\"article\" \/>\n<meta property=\"og:title\" content=\"Tourism Development - Orens Consultancy\" \/>\n<meta property=\"og:url\" content=\"http:\/\/orensgroup.com\/en\/references\/non-profit-organisations\/economic-development\/tourism-development\/\" \/>\n<meta property=\"og:site_name\" content=\"Orens Consultancy\" \/>\n<meta property=\"article:modified_time\" content=\"2024-10-08T05:42:40+00:00\" \/>\n<meta name=\"twitter:card\" content=\"summary_large_image\" \/>\n<meta name=\"twitter:label1\" content=\"Est. reading time\" \/>\n\t<meta name=\"twitter:data1\" content=\"5 minutes\" \/>\n<script type=\"application\/ld+json\" class=\"yoast-schema-graph\">{\"@context\":\"https:\/\/schema.org\",\"@graph\":[{\"@type\":\"WebPage\",\"@id\":\"http:\/\/orensgroup.com\/en\/references\/non-profit-organisations\/economic-development\/tourism-development\/\",\"url\":\"http:\/\/orensgroup.com\/en\/references\/non-profit-organisations\/economic-development\/tourism-development\/\",\"name\":\"Tourism Development - Orens Consultancy\",\"isPartOf\":{\"@id\":\"https:\/\/orensgroup.com\/en\/#website\"},\"datePublished\":\"2023-04-26T14:23:42+00:00\",\"dateModified\":\"2024-10-08T05:42:40+00:00\",\"breadcrumb\":{\"@id\":\"http:\/\/orensgroup.com\/en\/references\/non-profit-organisations\/economic-development\/tourism-development\/#breadcrumb\"},\"inLanguage\":\"en-US\",\"potentialAction\":[{\"@type\":\"ReadAction\",\"target\":[\"http:\/\/orensgroup.com\/en\/references\/non-profit-organisations\/economic-development\/tourism-development\/\"]}]},{\"@type\":\"BreadcrumbList\",\"@id\":\"http:\/\/orensgroup.com\/en\/references\/non-profit-organisations\/economic-development\/tourism-development\/#breadcrumb\",\"itemListElement\":[{\"@type\":\"ListItem\",\"position\":1,\"name\":\"Anasayfa\",\"item\":\"https:\/\/orensgroup.com\/en\/\"},{\"@type\":\"ListItem\",\"position\":2,\"name\":\"References\",\"item\":\"http:\/\/orensgroup.com\/en\/references\/\"},{\"@type\":\"ListItem\",\"position\":3,\"name\":\"Non-Profit Organisations\",\"item\":\"http:\/\/orensgroup.com\/en\/references\/non-profit-organisations\/\"},{\"@type\":\"ListItem\",\"position\":4,\"name\":\"Economic Development\",\"item\":\"http:\/\/orensgroup.com\/en\/references\/non-profit-organisations\/economic-development\/\"},{\"@type\":\"ListItem\",\"position\":5,\"name\":\"Tourism Development\"}]},{\"@type\":\"WebSite\",\"@id\":\"https:\/\/orensgroup.com\/en\/#website\",\"url\":\"https:\/\/orensgroup.com\/en\/\",\"name\":\"Orens Consultancy\",\"description\":\"CONSULTANCY\",\"potentialAction\":[{\"@type\":\"SearchAction\",\"target\":{\"@type\":\"EntryPoint\",\"urlTemplate\":\"https:\/\/orensgroup.com\/en\/?s={search_term_string}\"},\"query-input\":\"required name=search_term_string\"}],\"inLanguage\":\"en-US\"}]}<\/script>\n<!-- \/ Yoast SEO plugin. -->","yoast_head_json":{"title":"Tourism Development - Orens Consultancy","robots":{"index":"index","follow":"follow","max-snippet":"max-snippet:-1","max-image-preview":"max-image-preview:large","max-video-preview":"max-video-preview:-1"},"canonical":"http:\/\/orensgroup.com\/en\/references\/non-profit-organisations\/economic-development\/tourism-development\/","og_locale":"en_US","og_type":"article","og_title":"Tourism Development - Orens Consultancy","og_url":"http:\/\/orensgroup.com\/en\/references\/non-profit-organisations\/economic-development\/tourism-development\/","og_site_name":"Orens Consultancy","article_modified_time":"2024-10-08T05:42:40+00:00","twitter_card":"summary_large_image","twitter_misc":{"Est. reading time":"5 minutes"},"schema":{"@context":"https:\/\/schema.org","@graph":[{"@type":"WebPage","@id":"http:\/\/orensgroup.com\/en\/references\/non-profit-organisations\/economic-development\/tourism-development\/","url":"http:\/\/orensgroup.com\/en\/references\/non-profit-organisations\/economic-development\/tourism-development\/","name":"Tourism Development - Orens Consultancy","isPartOf":{"@id":"https:\/\/orensgroup.com\/en\/#website"},"datePublished":"2023-04-26T14:23:42+00:00","dateModified":"2024-10-08T05:42:40+00:00","breadcrumb":{"@id":"http:\/\/orensgroup.com\/en\/references\/non-profit-organisations\/economic-development\/tourism-development\/#breadcrumb"},"inLanguage":"en-US","potentialAction":[{"@type":"ReadAction","target":["http:\/\/orensgroup.com\/en\/references\/non-profit-organisations\/economic-development\/tourism-development\/"]}]},{"@type":"BreadcrumbList","@id":"http:\/\/orensgroup.com\/en\/references\/non-profit-organisations\/economic-development\/tourism-development\/#breadcrumb","itemListElement":[{"@type":"ListItem","position":1,"name":"Anasayfa","item":"https:\/\/orensgroup.com\/en\/"},{"@type":"ListItem","position":2,"name":"References","item":"http:\/\/orensgroup.com\/en\/references\/"},{"@type":"ListItem","position":3,"name":"Non-Profit Organisations","item":"http:\/\/orensgroup.com\/en\/references\/non-profit-organisations\/"},{"@type":"ListItem","position":4,"name":"Economic Development","item":"http:\/\/orensgroup.com\/en\/references\/non-profit-organisations\/economic-development\/"},{"@type":"ListItem","position":5,"name":"Tourism Development"}]},{"@type":"WebSite","@id":"https:\/\/orensgroup.com\/en\/#website","url":"https:\/\/orensgroup.com\/en\/","name":"Orens Consultancy","description":"CONSULTANCY","potentialAction":[{"@type":"SearchAction","target":{"@type":"EntryPoint","urlTemplate":"https:\/\/orensgroup.com\/en\/?s={search_term_string}"},"query-input":"required name=search_term_string"}],"inLanguage":"en-US"}]}},"acf":[],"_links":{"self":[{"href":"http:\/\/orensgroup.com\/en\/wp-json\/wp\/v2\/pages\/2586","targetHints":{"allow":["GET"]}}],"collection":[{"href":"http:\/\/orensgroup.com\/en\/wp-json\/wp\/v2\/pages"}],"about":[{"href":"http:\/\/orensgroup.com\/en\/wp-json\/wp\/v2\/types\/page"}],"author":[{"embeddable":true,"href":"http:\/\/orensgroup.com\/en\/wp-json\/wp\/v2\/users\/1"}],"replies":[{"embeddable":true,"href":"http:\/\/orensgroup.com\/en\/wp-json\/wp\/v2\/comments?post=2586"}],"version-history":[{"count":8,"href":"http:\/\/orensgroup.com\/en\/wp-json\/wp\/v2\/pages\/2586\/revisions"}],"predecessor-version":[{"id":2821,"href":"http:\/\/orensgroup.com\/en\/wp-json\/wp\/v2\/pages\/2586\/revisions\/2821"}],"up":[{"embeddable":true,"href":"http:\/\/orensgroup.com\/en\/wp-json\/wp\/v2\/pages\/2574"}],"wp:attachment":[{"href":"http:\/\/orensgroup.com\/en\/wp-json\/wp\/v2\/media?parent=2586"}],"curies":[{"name":"wp","href":"https:\/\/api.w.org\/{rel}","templated":true}]}}