{"id":2588,"date":"2023-04-26T17:23:56","date_gmt":"2023-04-26T14:23:56","guid":{"rendered":"http:\/\/orensgroup.com\/en\/?page_id=2588"},"modified":"2024-10-08T08:51:26","modified_gmt":"2024-10-08T05:51:26","slug":"infrastrucutre","status":"publish","type":"page","link":"http:\/\/orensgroup.com\/en\/references\/non-profit-organisations\/economic-development\/infrastrucutre\/","title":{"rendered":"Infrastrucutre"},"content":{"rendered":"<div class=\"fusion-fullwidth fullwidth-box fusion-builder-row-1 nonhundred-percent-fullwidth non-hundred-percent-height-scrolling\"  style='background-color: #ffffff;background-position: center center;background-repeat: no-repeat;padding-top:0px;padding-right:0px;padding-bottom:43px;padding-left:0px;'><div class=\"fusion-builder-row fusion-row \"><div  class=\"fusion-layout-column fusion_builder_column fusion_builder_column_1_6 fusion-builder-column-1 fusion-one-sixth fusion-column-first 1_6\"  style='margin-top:0px;margin-bottom:0px;width:13.3333%; margin-right: 4%;'>\n\t\t\t\t\t<div class=\"fusion-column-wrapper\" style=\"padding: 0px 0px 0px 0px;background-position:left top;background-repeat:no-repeat;-webkit-background-size:cover;-moz-background-size:cover;-o-background-size:cover;background-size:cover;\"   data-bg-url=\"\">\n\t\t\t\t\t\t<div class=\"fusion-clearfix\"><\/div>\n\n\t\t\t\t\t<\/div>\n\t\t\t\t<\/div><div  class=\"fusion-layout-column fusion_builder_column fusion_builder_column_2_3 fusion-builder-column-2 fusion-two-third 2_3\"  style='margin-top:0px;margin-bottom:0px;width:65.3333%; margin-right: 4%;'>\n\t\t\t\t\t<div class=\"fusion-column-wrapper\" style=\"padding: 0px 0px 0px 0px;background-position:left top;background-repeat:no-repeat;-webkit-background-size:cover;-moz-background-size:cover;-o-background-size:cover;background-size:cover;\"   data-bg-url=\"\">\n\t\t\t\t\t\t<div class=\"fusion-text\"><table width=\"800\">\n<tbody>\n<tr>\n<td colspan=\"3\" width=\"693\">\n<p><strong>Infrastructure<\/strong><\/p>\n<p>\u00a0<\/p>\n<\/td>\n<\/tr>\n<tr>\n<td>\u00a0<\/td>\n<td>\u00a0<\/td>\n<td>\u00a0<\/td>\n<\/tr>\n<tr>\n<td width=\"149\">Title of the Project<\/td>\n<td width=\"11\">:<\/td>\n<td width=\"533\">Expansion of Van Enterprise Development Centre (Van \u0130\u015eGEM)<\/td>\n<\/tr>\n<tr>\n<td width=\"149\">Administration<\/td>\n<td width=\"11\">:<\/td>\n<td width=\"533\">Ministry of Industry and Trade, Regional Competitiveness Programme Coordination<\/td>\n<\/tr>\n<tr>\n<td width=\"149\">\u00a0<\/td>\n<td width=\"11\">\u00a0<\/td>\n<td width=\"533\">and Implementation Centre<\/td>\n<\/tr>\n<tr>\n<td width=\"149\">Programme<\/td>\n<td width=\"11\">:<\/td>\n<td width=\"533\">IPA \u2013 Regional Competitiveness Operational Programme<\/td>\n<\/tr>\n<tr>\n<td width=\"149\">Beneficiary<\/td>\n<td width=\"11\">:<\/td>\n<td width=\"533\">Van Industrialists and Businessmen Association \u2013 Turkey<\/td>\n<\/tr>\n<tr>\n<td width=\"149\">Partners<\/td>\n<td width=\"11\">:<\/td>\n<td width=\"533\">Not Applicable<\/td>\n<\/tr>\n<tr>\n<td width=\"149\">Budget (Euro)<\/td>\n<td width=\"11\">:<\/td>\n<td width=\"533\">9.000.000,00<\/td>\n<\/tr>\n<tr>\n<td width=\"149\">Duration (Months)<\/td>\n<td width=\"11\">:<\/td>\n<td width=\"533\">30<\/td>\n<\/tr>\n<tr>\n<td width=\"149\">Objectives<\/td>\n<td width=\"11\">:<\/td>\n<td width=\"533\">\n<blockquote>\n<p>The Operation will facilitate expansion of Van \u0130\u015eGEM by 8.250 m<sup>2<\/sup> (on average 250 m<sup>2<\/sup> per tenant + shared facilities). This expansion will allow Van \u0130\u015eGEM to host 30 more tenants. The Technical Assistance Component of the Operation, on the other hand, will improve the institutional capacity of Van \u0130\u015eGEM, and will strengthen the technical skills and capabilities of the tenants. In due course, a business plan will be prepared for Van \u0130\u015eGEM and a roadmap that demonstrates how Van \u0130\u015eGEM can better serve the needs of its tenants will be produced. These institutional capacity building activities will include promotional activities as well. The technical assistance services to be provided to the tenants will be geared towards preparing them for the quality certification processes.<\/p>\n<\/blockquote>\n<\/td>\n<\/tr>\n<\/tbody>\n<\/table>\n<\/div><div class=\"fusion-clearfix\"><\/div>\n\n\t\t\t\t\t<\/div>\n\t\t\t\t<\/div><div  class=\"fusion-layout-column fusion_builder_column fusion_builder_column_1_6 fusion-builder-column-3 fusion-one-sixth fusion-column-last 1_6\"  style='margin-top:0px;margin-bottom:0px;width:13.3333%'>\n\t\t\t\t\t<div class=\"fusion-column-wrapper\" style=\"padding: 0px 0px 0px 0px;background-position:left top;background-repeat:no-repeat;-webkit-background-size:cover;-moz-background-size:cover;-o-background-size:cover;background-size:cover;\"   data-bg-url=\"\">\n\t\t\t\t\t\t<div class=\"fusion-clearfix\"><\/div>\n\n\t\t\t\t\t<\/div>\n\t\t\t\t<\/div><\/div><\/div>\n","protected":false},"excerpt":{"rendered":"","protected":false},"author":1,"featured_media":0,"parent":2574,"menu_order":0,"comment_status":"closed","ping_status":"closed","template":"","meta":{"footnotes":""},"class_list":["post-2588","page","type-page","status-publish","hentry"],"yoast_head":"<!-- This site is optimized with the Yoast SEO plugin v20.5 - https:\/\/yoast.com\/wordpress\/plugins\/seo\/ -->\n<title>Infrastrucutre - Orens Consultancy<\/title>\n<meta name=\"robots\" content=\"index, follow, max-snippet:-1, max-image-preview:large, max-video-preview:-1\" \/>\n<link rel=\"canonical\" href=\"http:\/\/orensgroup.com\/en\/references\/non-profit-organisations\/economic-development\/infrastrucutre\/\" \/>\n<meta property=\"og:locale\" content=\"en_US\" \/>\n<meta property=\"og:type\" content=\"article\" \/>\n<meta property=\"og:title\" content=\"Infrastrucutre - Orens Consultancy\" \/>\n<meta property=\"og:url\" content=\"http:\/\/orensgroup.com\/en\/references\/non-profit-organisations\/economic-development\/infrastrucutre\/\" \/>\n<meta property=\"og:site_name\" content=\"Orens Consultancy\" \/>\n<meta property=\"article:modified_time\" content=\"2024-10-08T05:51:26+00:00\" \/>\n<meta name=\"twitter:card\" content=\"summary_large_image\" \/>\n<meta name=\"twitter:label1\" content=\"Est. reading time\" \/>\n\t<meta name=\"twitter:data1\" content=\"1 minute\" \/>\n<script type=\"application\/ld+json\" class=\"yoast-schema-graph\">{\"@context\":\"https:\/\/schema.org\",\"@graph\":[{\"@type\":\"WebPage\",\"@id\":\"http:\/\/orensgroup.com\/en\/references\/non-profit-organisations\/economic-development\/infrastrucutre\/\",\"url\":\"http:\/\/orensgroup.com\/en\/references\/non-profit-organisations\/economic-development\/infrastrucutre\/\",\"name\":\"Infrastrucutre - Orens Consultancy\",\"isPartOf\":{\"@id\":\"https:\/\/orensgroup.com\/en\/#website\"},\"datePublished\":\"2023-04-26T14:23:56+00:00\",\"dateModified\":\"2024-10-08T05:51:26+00:00\",\"breadcrumb\":{\"@id\":\"http:\/\/orensgroup.com\/en\/references\/non-profit-organisations\/economic-development\/infrastrucutre\/#breadcrumb\"},\"inLanguage\":\"en-US\",\"potentialAction\":[{\"@type\":\"ReadAction\",\"target\":[\"http:\/\/orensgroup.com\/en\/references\/non-profit-organisations\/economic-development\/infrastrucutre\/\"]}]},{\"@type\":\"BreadcrumbList\",\"@id\":\"http:\/\/orensgroup.com\/en\/references\/non-profit-organisations\/economic-development\/infrastrucutre\/#breadcrumb\",\"itemListElement\":[{\"@type\":\"ListItem\",\"position\":1,\"name\":\"Anasayfa\",\"item\":\"https:\/\/orensgroup.com\/en\/\"},{\"@type\":\"ListItem\",\"position\":2,\"name\":\"References\",\"item\":\"http:\/\/orensgroup.com\/en\/references\/\"},{\"@type\":\"ListItem\",\"position\":3,\"name\":\"Non-Profit Organisations\",\"item\":\"http:\/\/orensgroup.com\/en\/references\/non-profit-organisations\/\"},{\"@type\":\"ListItem\",\"position\":4,\"name\":\"Economic Development\",\"item\":\"http:\/\/orensgroup.com\/en\/references\/non-profit-organisations\/economic-development\/\"},{\"@type\":\"ListItem\",\"position\":5,\"name\":\"Infrastrucutre\"}]},{\"@type\":\"WebSite\",\"@id\":\"https:\/\/orensgroup.com\/en\/#website\",\"url\":\"https:\/\/orensgroup.com\/en\/\",\"name\":\"Orens Consultancy\",\"description\":\"CONSULTANCY\",\"potentialAction\":[{\"@type\":\"SearchAction\",\"target\":{\"@type\":\"EntryPoint\",\"urlTemplate\":\"https:\/\/orensgroup.com\/en\/?s={search_term_string}\"},\"query-input\":\"required name=search_term_string\"}],\"inLanguage\":\"en-US\"}]}<\/script>\n<!-- \/ Yoast SEO plugin. -->","yoast_head_json":{"title":"Infrastrucutre - Orens Consultancy","robots":{"index":"index","follow":"follow","max-snippet":"max-snippet:-1","max-image-preview":"max-image-preview:large","max-video-preview":"max-video-preview:-1"},"canonical":"http:\/\/orensgroup.com\/en\/references\/non-profit-organisations\/economic-development\/infrastrucutre\/","og_locale":"en_US","og_type":"article","og_title":"Infrastrucutre - Orens Consultancy","og_url":"http:\/\/orensgroup.com\/en\/references\/non-profit-organisations\/economic-development\/infrastrucutre\/","og_site_name":"Orens Consultancy","article_modified_time":"2024-10-08T05:51:26+00:00","twitter_card":"summary_large_image","twitter_misc":{"Est. reading time":"1 minute"},"schema":{"@context":"https:\/\/schema.org","@graph":[{"@type":"WebPage","@id":"http:\/\/orensgroup.com\/en\/references\/non-profit-organisations\/economic-development\/infrastrucutre\/","url":"http:\/\/orensgroup.com\/en\/references\/non-profit-organisations\/economic-development\/infrastrucutre\/","name":"Infrastrucutre - Orens Consultancy","isPartOf":{"@id":"https:\/\/orensgroup.com\/en\/#website"},"datePublished":"2023-04-26T14:23:56+00:00","dateModified":"2024-10-08T05:51:26+00:00","breadcrumb":{"@id":"http:\/\/orensgroup.com\/en\/references\/non-profit-organisations\/economic-development\/infrastrucutre\/#breadcrumb"},"inLanguage":"en-US","potentialAction":[{"@type":"ReadAction","target":["http:\/\/orensgroup.com\/en\/references\/non-profit-organisations\/economic-development\/infrastrucutre\/"]}]},{"@type":"BreadcrumbList","@id":"http:\/\/orensgroup.com\/en\/references\/non-profit-organisations\/economic-development\/infrastrucutre\/#breadcrumb","itemListElement":[{"@type":"ListItem","position":1,"name":"Anasayfa","item":"https:\/\/orensgroup.com\/en\/"},{"@type":"ListItem","position":2,"name":"References","item":"http:\/\/orensgroup.com\/en\/references\/"},{"@type":"ListItem","position":3,"name":"Non-Profit Organisations","item":"http:\/\/orensgroup.com\/en\/references\/non-profit-organisations\/"},{"@type":"ListItem","position":4,"name":"Economic Development","item":"http:\/\/orensgroup.com\/en\/references\/non-profit-organisations\/economic-development\/"},{"@type":"ListItem","position":5,"name":"Infrastrucutre"}]},{"@type":"WebSite","@id":"https:\/\/orensgroup.com\/en\/#website","url":"https:\/\/orensgroup.com\/en\/","name":"Orens Consultancy","description":"CONSULTANCY","potentialAction":[{"@type":"SearchAction","target":{"@type":"EntryPoint","urlTemplate":"https:\/\/orensgroup.com\/en\/?s={search_term_string}"},"query-input":"required name=search_term_string"}],"inLanguage":"en-US"}]}},"acf":[],"_links":{"self":[{"href":"http:\/\/orensgroup.com\/en\/wp-json\/wp\/v2\/pages\/2588","targetHints":{"allow":["GET"]}}],"collection":[{"href":"http:\/\/orensgroup.com\/en\/wp-json\/wp\/v2\/pages"}],"about":[{"href":"http:\/\/orensgroup.com\/en\/wp-json\/wp\/v2\/types\/page"}],"author":[{"embeddable":true,"href":"http:\/\/orensgroup.com\/en\/wp-json\/wp\/v2\/users\/1"}],"replies":[{"embeddable":true,"href":"http:\/\/orensgroup.com\/en\/wp-json\/wp\/v2\/comments?post=2588"}],"version-history":[{"count":10,"href":"http:\/\/orensgroup.com\/en\/wp-json\/wp\/v2\/pages\/2588\/revisions"}],"predecessor-version":[{"id":2823,"href":"http:\/\/orensgroup.com\/en\/wp-json\/wp\/v2\/pages\/2588\/revisions\/2823"}],"up":[{"embeddable":true,"href":"http:\/\/orensgroup.com\/en\/wp-json\/wp\/v2\/pages\/2574"}],"wp:attachment":[{"href":"http:\/\/orensgroup.com\/en\/wp-json\/wp\/v2\/media?parent=2588"}],"curies":[{"name":"wp","href":"https:\/\/api.w.org\/{rel}","templated":true}]}}