{"id":2592,"date":"2023-04-26T17:26:10","date_gmt":"2023-04-26T14:26:10","guid":{"rendered":"http:\/\/orensgroup.com\/en\/?page_id=2592"},"modified":"2024-10-08T08:54:58","modified_gmt":"2024-10-08T05:54:58","slug":"culture-and-art","status":"publish","type":"page","link":"http:\/\/orensgroup.com\/en\/references\/non-profit-organisations\/cultural-heritage\/culture-and-art\/","title":{"rendered":"Culture and Art"},"content":{"rendered":"<div class=\"fusion-fullwidth fullwidth-box fusion-builder-row-1 nonhundred-percent-fullwidth non-hundred-percent-height-scrolling\"  style='background-color: #ffffff;background-position: center center;background-repeat: no-repeat;padding-top:0px;padding-right:0px;padding-bottom:0px;padding-left:0px;'><div class=\"fusion-builder-row fusion-row \"><div  class=\"fusion-layout-column fusion_builder_column fusion_builder_column_1_6 fusion-builder-column-1 fusion-one-sixth fusion-column-first 1_6\"  style='margin-top:0px;margin-bottom:0px;width:13.3333%; margin-right: 4%;'>\n\t\t\t\t\t<div class=\"fusion-column-wrapper\" style=\"padding: 0px 0px 0px 0px;background-position:left top;background-repeat:no-repeat;-webkit-background-size:cover;-moz-background-size:cover;-o-background-size:cover;background-size:cover;\"   data-bg-url=\"\">\n\t\t\t\t\t\t<div class=\"fusion-clearfix\"><\/div>\n\n\t\t\t\t\t<\/div>\n\t\t\t\t<\/div><div  class=\"fusion-layout-column fusion_builder_column fusion_builder_column_2_3 fusion-builder-column-2 fusion-two-third 2_3\"  style='margin-top:0px;margin-bottom:0px;width:65.3333%; margin-right: 4%;'>\n\t\t\t\t\t<div class=\"fusion-column-wrapper\" style=\"padding: 0px 0px 0px 0px;background-position:left top;background-repeat:no-repeat;-webkit-background-size:cover;-moz-background-size:cover;-o-background-size:cover;background-size:cover;\"   data-bg-url=\"\">\n\t\t\t\t\t\t<div class=\"fusion-text\"><table width=\"800\">\n<tbody>\n<tr>\n<td width=\"144\"><strong>Culture and Art<\/strong><\/td>\n<td width=\"11\">\u00a0<\/td>\n<td width=\"644\">\u00a0<\/td>\n<\/tr>\n<tr>\n<td>\n<p>\u00a0<\/p>\n<p>\u00a0<\/p>\n<\/td>\n<td>\u00a0<\/td>\n<td>\u00a0<\/td>\n<\/tr>\n<tr>\n<td width=\"144\">Title of the Project<\/td>\n<td width=\"11\">:<\/td>\n<td width=\"644\">Turkish-Bulgarian Cultural Heritage Network (CultureNet)<\/td>\n<\/tr>\n<tr>\n<td width=\"144\">Administration<\/td>\n<td width=\"11\">:<\/td>\n<td width=\"644\">Central Finance and Contracts Unit<\/td>\n<\/tr>\n<tr>\n<td width=\"144\">Programme<\/td>\n<td width=\"11\">:<\/td>\n<td width=\"644\">Joint Small Projects Fund Bulgaria \u2013 Turkey 2004<\/td>\n<\/tr>\n<tr>\n<td width=\"144\">Beneficiary<\/td>\n<td width=\"11\">:<\/td>\n<td width=\"644\">P\u0131narhisar Municipality \u2013 Turkey<\/td>\n<\/tr>\n<tr>\n<td width=\"144\">Partners<\/td>\n<td width=\"11\">:<\/td>\n<td width=\"644\">Tsarevo Municipality \u2013 Bulgaria<\/td>\n<\/tr>\n<tr>\n<td width=\"144\">Budget (Euro)<\/td>\n<td width=\"11\">:<\/td>\n<td width=\"644\">60.508,50<\/td>\n<\/tr>\n<tr>\n<td width=\"144\">Duration (Months)<\/td>\n<td width=\"11\">:<\/td>\n<td width=\"644\">12<\/td>\n<\/tr>\n<tr>\n<td width=\"144\">Objectives<\/td>\n<td width=\"11\">:<\/td>\n<td width=\"644\">\n<blockquote>\n<p>This action is aimed at providing a framework for sustainable development that will provide an enhanced lifestyle for the people, by protecting the historic environment, supporting and empowering grass \u2013 roots initiatives, encouraging and promoting local movements in the area of conservation of cultural heritage and collection and promotion of anonym history of the region.<\/p>\n<\/blockquote>\n<\/td>\n<\/tr>\n<tr>\n<td>\n<hr \/>\n<\/td>\n<td>\u00a0<\/td>\n<td>\n<hr \/>\n<\/td>\n<\/tr>\n<tr>\n<td width=\"144\">Title of the Project<\/td>\n<td width=\"11\">:<\/td>\n<td width=\"644\">Local Products and Crafts Exhibition (EXHIBITION)<\/td>\n<\/tr>\n<tr>\n<td width=\"144\">Administration<\/td>\n<td width=\"11\">:<\/td>\n<td width=\"644\">Central Finance and Contracts Unit<\/td>\n<\/tr>\n<tr>\n<td width=\"144\">Programme<\/td>\n<td width=\"11\">:<\/td>\n<td width=\"644\">2005 Bulgaria \u2013 Turkey Joint Small Projects Fund<\/td>\n<\/tr>\n<tr>\n<td width=\"144\">Beneficiary<\/td>\n<td width=\"11\">:<\/td>\n<td width=\"644\">Babaeski Municipality \u2013 Turkey<\/td>\n<\/tr>\n<tr>\n<td width=\"144\">Partners<\/td>\n<td width=\"11\">:<\/td>\n<td width=\"644\">L\u00fcbimets Municipality \u2013 Bulgaria<\/td>\n<\/tr>\n<tr>\n<td width=\"144\">Budget (Euro)<\/td>\n<td width=\"11\">:<\/td>\n<td width=\"644\">32.974,73<\/td>\n<\/tr>\n<tr>\n<td width=\"144\">Duration (Months)<\/td>\n<td width=\"11\">:<\/td>\n<td width=\"644\">10<\/td>\n<\/tr>\n<tr>\n<td width=\"144\">Objectives<\/td>\n<td width=\"11\">:<\/td>\n<td width=\"644\">\n<blockquote>\n<p>The aim of the project is exhibition, presentation and marketing products in \u201cJoint exhibition areas\u201d and joint studies among students of architecture studying in the region via supporting local cultures in the context of production of regional products and crafts.<\/p>\n<\/blockquote>\n<\/td>\n<\/tr>\n<tr>\n<td>\n<hr \/>\n<\/td>\n<td>\u00a0<\/td>\n<td>\n<hr \/>\n<\/td>\n<\/tr>\n<tr>\n<td width=\"144\">Title of the Project<\/td>\n<td width=\"11\">:<\/td>\n<td width=\"644\">Y\u0131ld\u0131z Palace Of Ottoman Empire Reveals Its Treasures<\/td>\n<\/tr>\n<tr>\n<td width=\"144\">Administration<\/td>\n<td width=\"11\">:<\/td>\n<td width=\"644\">Central Finance and Contracts Unit<\/td>\n<\/tr>\n<tr>\n<td width=\"144\">Programme<\/td>\n<td width=\"11\">:<\/td>\n<td width=\"644\">The Civil Society Facility \u2013 EU \u2013 Turkey Intercultural Dialogue: Museums (ICD-MUSE)<\/td>\n<\/tr>\n<tr>\n<td width=\"144\">Beneficiary<\/td>\n<td width=\"11\">:<\/td>\n<td width=\"644\">Y\u0131ld\u0131z Palace Foundation &#8211; Turkey<\/td>\n<\/tr>\n<tr>\n<td width=\"144\">Partners<\/td>\n<td width=\"11\">:<\/td>\n<td width=\"644\">The Museum of Cultural History \u2013 Kulturen \u2013 Sweden<\/td>\n<\/tr>\n<tr>\n<td width=\"144\">Budget (Euro)<\/td>\n<td width=\"11\">:<\/td>\n<td width=\"644\">97,230.90<\/td>\n<\/tr>\n<tr>\n<td width=\"144\">Duration (Months)<\/td>\n<td width=\"11\">:<\/td>\n<td width=\"644\">12<\/td>\n<\/tr>\n<tr>\n<td width=\"144\">Objectives<\/td>\n<td width=\"11\">:<\/td>\n<td width=\"644\">\n<blockquote>\n<p>Development of cooperation and initiation of know-how exchange between museums of Turkey and Sweden, in the context of YSV of Turkey and KULTUREN of Sweden and to create more mutual understanding and intercultural dialogue between civil societies of Turkey and Europe, by increasing number of national and international visitors visiting the Y\u0131ld\u0131z Palace Museum by 100%, through increased awareness about the museum via enhancing potential of Y\u0131ld\u0131z Palace Museum, by improving its exhibition and curation standards, introducing it to both national and international audiences through an internet portal featuring inside visualisation of the museum and attracting children to the museum via interactive museum education programs, in close cooperation and know-how exchange between YSV and KULTUREN.<\/p>\n<\/blockquote>\n<\/td>\n<\/tr>\n<tr>\n<td>\n<hr \/>\n<\/td>\n<td>\u00a0<\/td>\n<td>\n<hr \/>\n<\/td>\n<\/tr>\n<tr>\n<td width=\"144\">Title of the Project<\/td>\n<td width=\"11\">:<\/td>\n<td width=\"644\">Revitalisation and Conservation of Traditinal Kemaliye Gazenne Weaving<\/td>\n<\/tr>\n<tr>\n<td width=\"144\">Administration<\/td>\n<td width=\"11\">:<\/td>\n<td width=\"644\">North East Anatolia Development Agency<\/td>\n<\/tr>\n<tr>\n<td width=\"144\">Programme<\/td>\n<td width=\"11\">:<\/td>\n<td width=\"644\">Agriculture-Tourism-Industry Financial Support Programme<\/td>\n<\/tr>\n<tr>\n<td width=\"144\">Beneficiary<\/td>\n<td width=\"11\">:<\/td>\n<td width=\"644\">Association of Women of Kemaliye \u2013 Turkey<\/td>\n<\/tr>\n<tr>\n<td width=\"144\">Partners<\/td>\n<td width=\"11\">:<\/td>\n<td width=\"644\">Kemaliye Culture and Development Foundation \u2013 Turkey<\/td>\n<\/tr>\n<tr>\n<td width=\"144\">Budget (TL)<\/td>\n<td width=\"11\">:<\/td>\n<td width=\"644\">229.635,00<\/td>\n<\/tr>\n<tr>\n<td width=\"144\">Duration (Months)<\/td>\n<td width=\"11\">:<\/td>\n<td width=\"644\">12<\/td>\n<\/tr>\n<tr>\n<td width=\"144\">Objectives<\/td>\n<td width=\"11\">:<\/td>\n<td width=\"644\">\n<blockquote>\n<p>Contribution to local socio-economic development through letting minimum 40 women who live in Kemaliye, to start their own ventures in traditional gazenne weaving and thus, ensuring their participation in registered labour market and employment and revitalization of a local traditional product and gaining it to local tourism via encouraging 50 unqualified and unemployed women who live in Kemaliye to start their own ventures by providing them with 65 hours long traditional gazenne weaving training, providing minimum 40 women who finished the trainin with a weaving equipment and providing them with consultancy services and production supports.<\/p>\n<\/blockquote>\n<\/td>\n<\/tr>\n<tr>\n<td>\n<hr \/>\n<\/td>\n<td>\u00a0<\/td>\n<td>\n<hr \/>\n<\/td>\n<\/tr>\n<tr>\n<td width=\"144\">Title of the Project<\/td>\n<td width=\"11\">:<\/td>\n<td width=\"644\">E-Info About Culture In Kelkit<\/td>\n<\/tr>\n<tr>\n<td width=\"144\">Administration<\/td>\n<td width=\"11\">:<\/td>\n<td width=\"644\">Central Finance and Contracts Unit<\/td>\n<\/tr>\n<tr>\n<td width=\"144\">Programme<\/td>\n<td width=\"11\">:<\/td>\n<td width=\"644\">Civil Society Dialogue II: Culture and Arts Grant Scheme (CSD-II\/CA)<\/td>\n<\/tr>\n<tr>\n<td width=\"144\">Beneficiary<\/td>\n<td width=\"11\">:<\/td>\n<td width=\"644\">Niksar Culture and Traditions Revitalisation Association \u2013 Turkey<\/td>\n<\/tr>\n<tr>\n<td width=\"144\">Partners<\/td>\n<td width=\"11\">:<\/td>\n<td width=\"644\">F\u00f6reningen \u00d6sterlens Folkh\u00f6gskola \u2013 Sweden<\/td>\n<\/tr>\n<tr>\n<td width=\"144\">Budget (Euro)<\/td>\n<td width=\"11\">:<\/td>\n<td width=\"644\">143.915,00<\/td>\n<\/tr>\n<tr>\n<td width=\"144\">Duration (Months)<\/td>\n<td width=\"11\">:<\/td>\n<td width=\"644\">15<\/td>\n<\/tr>\n<tr>\n<td width=\"144\">Objectives<\/td>\n<td width=\"11\">:<\/td>\n<td width=\"644\">\n<blockquote>\n<p>To help both societies (min. 500 people in Turkey, 500 people in Sweden) to know more about each other\u2019s culture and art, to create institutional integration among project partners, and culture and art operators (creation of min. 5 workgroups) and building capacity for increased institutional transactions and sustainable partnerships (initiation of discussions for min. 5 new projects) via provision of extensive information about artistic and cultural values of the Kelkit basin, through establishment of network among culture and art operators (min. 10 from Turkey, 10 from Sweden), creation of a portal and using it as the most reliable source of information about the culture of target region.<\/p>\n<\/blockquote>\n<\/td>\n<\/tr>\n<\/tbody>\n<\/table>\n<\/div><div class=\"fusion-clearfix\"><\/div>\n\n\t\t\t\t\t<\/div>\n\t\t\t\t<\/div><div  class=\"fusion-layout-column fusion_builder_column fusion_builder_column_1_6 fusion-builder-column-3 fusion-one-sixth fusion-column-last 1_6\"  style='margin-top:0px;margin-bottom:0px;width:13.3333%'>\n\t\t\t\t\t<div class=\"fusion-column-wrapper\" style=\"padding: 0px 0px 0px 0px;background-position:left top;background-repeat:no-repeat;-webkit-background-size:cover;-moz-background-size:cover;-o-background-size:cover;background-size:cover;\"   data-bg-url=\"\">\n\t\t\t\t\t\t<div class=\"fusion-clearfix\"><\/div>\n\n\t\t\t\t\t<\/div>\n\t\t\t\t<\/div><\/div><\/div>\n","protected":false},"excerpt":{"rendered":"","protected":false},"author":1,"featured_media":0,"parent":2578,"menu_order":0,"comment_status":"closed","ping_status":"closed","template":"","meta":{"footnotes":""},"class_list":["post-2592","page","type-page","status-publish","hentry"],"yoast_head":"<!-- This site is optimized with the Yoast SEO plugin v20.5 - https:\/\/yoast.com\/wordpress\/plugins\/seo\/ -->\n<title>Culture and Art - Orens Consultancy<\/title>\n<meta name=\"robots\" content=\"index, follow, max-snippet:-1, max-image-preview:large, max-video-preview:-1\" \/>\n<link rel=\"canonical\" href=\"http:\/\/orensgroup.com\/en\/references\/non-profit-organisations\/cultural-heritage\/culture-and-art\/\" \/>\n<meta property=\"og:locale\" content=\"en_US\" \/>\n<meta property=\"og:type\" content=\"article\" \/>\n<meta property=\"og:title\" content=\"Culture and Art - Orens Consultancy\" \/>\n<meta property=\"og:url\" content=\"http:\/\/orensgroup.com\/en\/references\/non-profit-organisations\/cultural-heritage\/culture-and-art\/\" \/>\n<meta property=\"og:site_name\" content=\"Orens Consultancy\" \/>\n<meta property=\"article:modified_time\" content=\"2024-10-08T05:54:58+00:00\" \/>\n<meta name=\"twitter:card\" content=\"summary_large_image\" \/>\n<meta name=\"twitter:label1\" content=\"Est. reading time\" \/>\n\t<meta name=\"twitter:data1\" content=\"3 minutes\" \/>\n<script type=\"application\/ld+json\" class=\"yoast-schema-graph\">{\"@context\":\"https:\/\/schema.org\",\"@graph\":[{\"@type\":\"WebPage\",\"@id\":\"http:\/\/orensgroup.com\/en\/references\/non-profit-organisations\/cultural-heritage\/culture-and-art\/\",\"url\":\"http:\/\/orensgroup.com\/en\/references\/non-profit-organisations\/cultural-heritage\/culture-and-art\/\",\"name\":\"Culture and Art - Orens Consultancy\",\"isPartOf\":{\"@id\":\"https:\/\/orensgroup.com\/en\/#website\"},\"datePublished\":\"2023-04-26T14:26:10+00:00\",\"dateModified\":\"2024-10-08T05:54:58+00:00\",\"breadcrumb\":{\"@id\":\"http:\/\/orensgroup.com\/en\/references\/non-profit-organisations\/cultural-heritage\/culture-and-art\/#breadcrumb\"},\"inLanguage\":\"en-US\",\"potentialAction\":[{\"@type\":\"ReadAction\",\"target\":[\"http:\/\/orensgroup.com\/en\/references\/non-profit-organisations\/cultural-heritage\/culture-and-art\/\"]}]},{\"@type\":\"BreadcrumbList\",\"@id\":\"http:\/\/orensgroup.com\/en\/references\/non-profit-organisations\/cultural-heritage\/culture-and-art\/#breadcrumb\",\"itemListElement\":[{\"@type\":\"ListItem\",\"position\":1,\"name\":\"Anasayfa\",\"item\":\"https:\/\/orensgroup.com\/en\/\"},{\"@type\":\"ListItem\",\"position\":2,\"name\":\"References\",\"item\":\"http:\/\/orensgroup.com\/en\/references\/\"},{\"@type\":\"ListItem\",\"position\":3,\"name\":\"Non-Profit Organisations\",\"item\":\"http:\/\/orensgroup.com\/en\/references\/non-profit-organisations\/\"},{\"@type\":\"ListItem\",\"position\":4,\"name\":\"Cultural Heritage\",\"item\":\"http:\/\/orensgroup.com\/en\/references\/non-profit-organisations\/cultural-heritage\/\"},{\"@type\":\"ListItem\",\"position\":5,\"name\":\"Culture and Art\"}]},{\"@type\":\"WebSite\",\"@id\":\"https:\/\/orensgroup.com\/en\/#website\",\"url\":\"https:\/\/orensgroup.com\/en\/\",\"name\":\"Orens Consultancy\",\"description\":\"CONSULTANCY\",\"potentialAction\":[{\"@type\":\"SearchAction\",\"target\":{\"@type\":\"EntryPoint\",\"urlTemplate\":\"https:\/\/orensgroup.com\/en\/?s={search_term_string}\"},\"query-input\":\"required name=search_term_string\"}],\"inLanguage\":\"en-US\"}]}<\/script>\n<!-- \/ Yoast SEO plugin. -->","yoast_head_json":{"title":"Culture and Art - Orens Consultancy","robots":{"index":"index","follow":"follow","max-snippet":"max-snippet:-1","max-image-preview":"max-image-preview:large","max-video-preview":"max-video-preview:-1"},"canonical":"http:\/\/orensgroup.com\/en\/references\/non-profit-organisations\/cultural-heritage\/culture-and-art\/","og_locale":"en_US","og_type":"article","og_title":"Culture and Art - Orens Consultancy","og_url":"http:\/\/orensgroup.com\/en\/references\/non-profit-organisations\/cultural-heritage\/culture-and-art\/","og_site_name":"Orens Consultancy","article_modified_time":"2024-10-08T05:54:58+00:00","twitter_card":"summary_large_image","twitter_misc":{"Est. reading time":"3 minutes"},"schema":{"@context":"https:\/\/schema.org","@graph":[{"@type":"WebPage","@id":"http:\/\/orensgroup.com\/en\/references\/non-profit-organisations\/cultural-heritage\/culture-and-art\/","url":"http:\/\/orensgroup.com\/en\/references\/non-profit-organisations\/cultural-heritage\/culture-and-art\/","name":"Culture and Art - Orens Consultancy","isPartOf":{"@id":"https:\/\/orensgroup.com\/en\/#website"},"datePublished":"2023-04-26T14:26:10+00:00","dateModified":"2024-10-08T05:54:58+00:00","breadcrumb":{"@id":"http:\/\/orensgroup.com\/en\/references\/non-profit-organisations\/cultural-heritage\/culture-and-art\/#breadcrumb"},"inLanguage":"en-US","potentialAction":[{"@type":"ReadAction","target":["http:\/\/orensgroup.com\/en\/references\/non-profit-organisations\/cultural-heritage\/culture-and-art\/"]}]},{"@type":"BreadcrumbList","@id":"http:\/\/orensgroup.com\/en\/references\/non-profit-organisations\/cultural-heritage\/culture-and-art\/#breadcrumb","itemListElement":[{"@type":"ListItem","position":1,"name":"Anasayfa","item":"https:\/\/orensgroup.com\/en\/"},{"@type":"ListItem","position":2,"name":"References","item":"http:\/\/orensgroup.com\/en\/references\/"},{"@type":"ListItem","position":3,"name":"Non-Profit Organisations","item":"http:\/\/orensgroup.com\/en\/references\/non-profit-organisations\/"},{"@type":"ListItem","position":4,"name":"Cultural Heritage","item":"http:\/\/orensgroup.com\/en\/references\/non-profit-organisations\/cultural-heritage\/"},{"@type":"ListItem","position":5,"name":"Culture and Art"}]},{"@type":"WebSite","@id":"https:\/\/orensgroup.com\/en\/#website","url":"https:\/\/orensgroup.com\/en\/","name":"Orens Consultancy","description":"CONSULTANCY","potentialAction":[{"@type":"SearchAction","target":{"@type":"EntryPoint","urlTemplate":"https:\/\/orensgroup.com\/en\/?s={search_term_string}"},"query-input":"required name=search_term_string"}],"inLanguage":"en-US"}]}},"acf":[],"_links":{"self":[{"href":"http:\/\/orensgroup.com\/en\/wp-json\/wp\/v2\/pages\/2592","targetHints":{"allow":["GET"]}}],"collection":[{"href":"http:\/\/orensgroup.com\/en\/wp-json\/wp\/v2\/pages"}],"about":[{"href":"http:\/\/orensgroup.com\/en\/wp-json\/wp\/v2\/types\/page"}],"author":[{"embeddable":true,"href":"http:\/\/orensgroup.com\/en\/wp-json\/wp\/v2\/users\/1"}],"replies":[{"embeddable":true,"href":"http:\/\/orensgroup.com\/en\/wp-json\/wp\/v2\/comments?post=2592"}],"version-history":[{"count":8,"href":"http:\/\/orensgroup.com\/en\/wp-json\/wp\/v2\/pages\/2592\/revisions"}],"predecessor-version":[{"id":2827,"href":"http:\/\/orensgroup.com\/en\/wp-json\/wp\/v2\/pages\/2592\/revisions\/2827"}],"up":[{"embeddable":true,"href":"http:\/\/orensgroup.com\/en\/wp-json\/wp\/v2\/pages\/2578"}],"wp:attachment":[{"href":"http:\/\/orensgroup.com\/en\/wp-json\/wp\/v2\/media?parent=2592"}],"curies":[{"name":"wp","href":"https:\/\/api.w.org\/{rel}","templated":true}]}}