{"id":2596,"date":"2023-04-26T17:26:50","date_gmt":"2023-04-26T14:26:50","guid":{"rendered":"http:\/\/orensgroup.com\/en\/?page_id=2596"},"modified":"2024-10-08T08:58:27","modified_gmt":"2024-10-08T05:58:27","slug":"education","status":"publish","type":"page","link":"http:\/\/orensgroup.com\/en\/references\/non-profit-organisations\/social-intervention\/education\/","title":{"rendered":"Education"},"content":{"rendered":"<div class=\"fusion-fullwidth fullwidth-box fusion-builder-row-1 nonhundred-percent-fullwidth non-hundred-percent-height-scrolling\"  style='background-color: #ffffff;background-position: center center;background-repeat: no-repeat;padding-top:0px;padding-right:0px;padding-bottom:0px;padding-left:0px;'><div class=\"fusion-builder-row fusion-row \"><div  class=\"fusion-layout-column fusion_builder_column fusion_builder_column_1_6 fusion-builder-column-1 fusion-one-sixth fusion-column-first 1_6\"  style='margin-top:0px;margin-bottom:0px;width:13.3333%; margin-right: 4%;'>\n\t\t\t\t\t<div class=\"fusion-column-wrapper\" style=\"padding: 0px 0px 0px 0px;background-position:left top;background-repeat:no-repeat;-webkit-background-size:cover;-moz-background-size:cover;-o-background-size:cover;background-size:cover;\"   data-bg-url=\"\">\n\t\t\t\t\t\t<div class=\"fusion-clearfix\"><\/div>\n\n\t\t\t\t\t<\/div>\n\t\t\t\t<\/div><div  class=\"fusion-layout-column fusion_builder_column fusion_builder_column_2_3 fusion-builder-column-2 fusion-two-third 2_3\"  style='margin-top:0px;margin-bottom:0px;width:65.3333%; margin-right: 4%;'>\n\t\t\t\t\t<div class=\"fusion-column-wrapper\" style=\"padding: 0px 0px 0px 0px;background-position:left top;background-repeat:no-repeat;-webkit-background-size:cover;-moz-background-size:cover;-o-background-size:cover;background-size:cover;\"   data-bg-url=\"\">\n\t\t\t\t\t\t<div class=\"fusion-text\"><table width=\"800\">\n<tbody>\n<tr>\n<td width=\"115\"><strong>Education<\/strong><\/td>\n<td width=\"11\">\u00a0<\/td>\n<td width=\"499\">\u00a0<\/td>\n<\/tr>\n<tr>\n<td width=\"115\">\u00a0<\/td>\n<td width=\"11\">\u00a0<\/td>\n<td width=\"499\">\u00a0<\/td>\n<\/tr>\n<tr>\n<td width=\"115\">Title of the Project<\/td>\n<td width=\"11\">:<\/td>\n<td width=\"499\">Increasing Schooling Rate of Girls While Passing to Lycee in \u00c7\u0131ld\u0131r<\/td>\n<\/tr>\n<tr>\n<td width=\"115\">Administration<\/td>\n<td width=\"11\">:<\/td>\n<td width=\"499\">Central Finance and Contracts Unit<\/td>\n<\/tr>\n<tr>\n<td width=\"115\">Programme<\/td>\n<td width=\"11\">:<\/td>\n<td width=\"499\">Increasing School Enrolment Rates Especially for Girls<\/td>\n<\/tr>\n<tr>\n<td width=\"115\">Beneficiary<\/td>\n<td width=\"11\">:<\/td>\n<td width=\"499\">\u00c7\u0131ld\u0131r Municipality \u2013 Turkey<\/td>\n<\/tr>\n<tr>\n<td width=\"115\">Partners<\/td>\n<td width=\"11\">:<\/td>\n<td width=\"499\">\u00c7\u0131ld\u0131r Regional Primary Boarding School \u2013 Turkey<\/td>\n<\/tr>\n<tr>\n<td width=\"115\">Budget (Euro)<\/td>\n<td width=\"11\">:<\/td>\n<td width=\"499\">103.362,00<\/td>\n<\/tr>\n<tr>\n<td width=\"115\">Duration (Months)<\/td>\n<td width=\"11\">:<\/td>\n<td width=\"499\">12<\/td>\n<\/tr>\n<tr>\n<td width=\"115\">Objectives<\/td>\n<td width=\"11\">:<\/td>\n<td width=\"499\">\n<blockquote>\n<p>Returning min. 20% of min. 150 girls in \u00c7\u0131ld\u0131r centre, back to their education in lycees, who dropped out of their schools after primary school, in last three years and increasing schooling rate among girls by min. 5%, in lycees active in \u00c7\u0131ld\u0131r centre and in vocational lycees active in Ardahan centre via identification of min. 150 girls who did not continue their schools after primary school, in last three years via surveys in YIBO, in \u00c7\u0131ld\u0131r centre and in \u00c7\u0131ld\u0131r Lyceee; provision of awareness and career services to min. 100 primary school students in \u00c7\u0131ld\u0131r centre, about continuing to their schools; and awareness campaign to min. 150 girls who quitted their schools, and their families for motivating these girls to return back to their schools.<\/p>\n<\/blockquote>\n<\/td>\n<\/tr>\n<tr>\n<td width=\"115\">\n<hr \/>\n<\/td>\n<td width=\"11\">\u00a0<\/td>\n<td width=\"499\">\n<hr \/>\n<\/td>\n<\/tr>\n<tr>\n<td width=\"115\">Title of the Project<\/td>\n<td width=\"11\">:<\/td>\n<td width=\"499\">Vocational Lycee Teachers E-Capacity Program<\/td>\n<\/tr>\n<tr>\n<td width=\"115\">Administration<\/td>\n<td width=\"11\">:<\/td>\n<td width=\"499\">Central Finance and Contracts Unit<\/td>\n<\/tr>\n<tr>\n<td width=\"115\">Programme<\/td>\n<td width=\"11\">:<\/td>\n<td width=\"499\">Increasing School Enrolment Rates Especially for Girls<\/td>\n<\/tr>\n<tr>\n<td width=\"115\">Beneficiary<\/td>\n<td width=\"11\">:<\/td>\n<td width=\"499\">Van Industrialists and Businessmen Association \u2013 Turkey<\/td>\n<\/tr>\n<tr>\n<td width=\"115\">Partners<\/td>\n<td width=\"11\">:<\/td>\n<td width=\"499\">Van Directorate of Organised Industrial Zone \u2013 Turkey<\/td>\n<\/tr>\n<tr>\n<td width=\"115\">\u00a0<\/td>\n<td width=\"11\">\u00a0<\/td>\n<td width=\"499\">Van Vocational Highschool \u2013 Turkey<\/td>\n<\/tr>\n<tr>\n<td width=\"115\">Budget (Euro)<\/td>\n<td width=\"11\">:<\/td>\n<td width=\"499\">104.539,00<\/td>\n<\/tr>\n<tr>\n<td width=\"115\">Duration (Months)<\/td>\n<td width=\"11\">:<\/td>\n<td width=\"499\">12<\/td>\n<\/tr>\n<tr>\n<td width=\"115\">Objectives<\/td>\n<td width=\"11\">:<\/td>\n<td width=\"499\">\n<blockquote>\n<p>Increasing number of students choosing vocational lycees, hence schooling rate in vocational lycees in Van, by min. 10% via increasing quality of teachers in 4 vocational lycees in Van centre; increasing success of students by min. 30%; and decreasing rate of school drop-outs by min. 20%.<\/p>\n<\/blockquote>\n<\/td>\n<\/tr>\n<tr>\n<td width=\"115\">\n<hr \/>\n<\/td>\n<td width=\"11\">\u00a0<\/td>\n<td width=\"499\">\n<hr \/>\n<\/td>\n<\/tr>\n<tr>\n<td width=\"115\">Title of the Project<\/td>\n<td width=\"11\">:<\/td>\n<td width=\"499\">Creative Thought Development Centre (YADUGEM) Project<\/td>\n<\/tr>\n<tr>\n<td width=\"115\">Administration<\/td>\n<td width=\"11\">:<\/td>\n<td width=\"499\">Istanbul Development Agency<\/td>\n<\/tr>\n<tr>\n<td width=\"115\">Programme<\/td>\n<td width=\"11\">:<\/td>\n<td width=\"499\">Development of Creative Industries Financial Support Programme<\/td>\n<\/tr>\n<tr>\n<td width=\"115\">Beneficiary<\/td>\n<td width=\"11\">:<\/td>\n<td width=\"499\">Bilgi Education and Culture Foundation \u2013 Turkey<\/td>\n<\/tr>\n<tr>\n<td width=\"115\">Partners<\/td>\n<td width=\"11\">:<\/td>\n<td width=\"499\">Not Applicable<\/td>\n<\/tr>\n<tr>\n<td width=\"115\">Budget (TL)<\/td>\n<td width=\"11\">:<\/td>\n<td width=\"499\">782.505,00<\/td>\n<\/tr>\n<tr>\n<td width=\"115\">Duration (Months)<\/td>\n<td width=\"11\">:<\/td>\n<td width=\"499\">12<\/td>\n<\/tr>\n<tr>\n<td width=\"115\">Objectives<\/td>\n<td width=\"11\">:<\/td>\n<td width=\"499\">\n<blockquote>\n<p>Establishment of one Creative Thought Development Centre (CTDC) in each of the Ka\u011f\u0131thane and Kad\u0131k\u00f6y districts for education of children with superior creativity potential and for education of teachers working on creativity and innovation, then (i) identification of minimum 120 children with superior creativity potential who are already studying, implementation of special educational program towards minimum 100 of them at these CTDCs and increasing their creativity by minimum 50%, (ii) increasing capacities of minimum 50 teachers who are already working on creativity and innovation at CTDCs and contributing to answer the needs of the Ministry of National Education in this field by encouraging minimum 30 of them to apply these education models towards children with superior potential in their classes, to become experts in application of Torrance group creativity tests and to be certified in accordance with international standards at two pilot primary schools in each of these districts, which will be identified by Provincial Directorate of National Education.<\/p>\n<\/blockquote>\n<\/td>\n<\/tr>\n<tr>\n<td width=\"115\">\n<hr \/>\n<\/td>\n<td width=\"11\">\u00a0<\/td>\n<td width=\"499\">\n<hr \/>\n<\/td>\n<\/tr>\n<tr>\n<td width=\"115\">Title of the Project<\/td>\n<td width=\"11\">:<\/td>\n<td width=\"499\">Green Schools for Circular Economy (GFORCE)<\/td>\n<\/tr>\n<tr>\n<td width=\"115\">Administration<\/td>\n<td width=\"11\">:<\/td>\n<td width=\"499\">Central Finance and Contracts Unit<\/td>\n<\/tr>\n<tr>\n<td width=\"115\">Programme<\/td>\n<td width=\"11\">:<\/td>\n<td width=\"499\">Town Twinning Action between Turkey and the EU Grant Scheme (TTGS)<\/td>\n<\/tr>\n<tr>\n<td width=\"115\">Beneficiary<\/td>\n<td width=\"11\">:<\/td>\n<td width=\"499\">Espiye Municipality \u2013 Turkey<\/td>\n<\/tr>\n<tr>\n<td width=\"115\">Partners<\/td>\n<td width=\"11\">:<\/td>\n<td width=\"499\">Uni\u00e3o das Freguesias de Gondomar (S. Cosme), Valbom e Jovim (UFG) \u2013 Portugal<\/td>\n<\/tr>\n<tr>\n<td width=\"115\">\u00a0<\/td>\n<td width=\"11\">\u00a0<\/td>\n<td width=\"499\">Campo Aberto \u2013 Associa\u00e7\u00e3o de Defesa do Ambiente (ADA) \u2013 Portugal<\/td>\n<\/tr>\n<tr>\n<td width=\"115\">Budget (Euro)<\/td>\n<td width=\"11\">:<\/td>\n<td width=\"499\">117.871,20<\/td>\n<\/tr>\n<tr>\n<td width=\"115\">Duration (Months)<\/td>\n<td width=\"11\">:<\/td>\n<td width=\"499\">12<\/td>\n<\/tr>\n<tr>\n<td width=\"115\">Objectives<\/td>\n<td width=\"11\">:<\/td>\n<td width=\"499\">\n<blockquote>\n<p>The environmental quality in Turkey is far below EU standards and this is compounded by limited management and administrative capacity for implementing upgraded environmental infrastructure and managing services in an efficient and sustainable way. In this regard, the action aims at building administrative capacity in EBB in implementation of a community-based municipal waste management system in Espiye district of Giresun to achieve reduction of waste and increase in waste recovery and recycling. Socio-economic development of Turkey should be realised in a participative manner by improving human resources and infrastructure needs in line with EU acquis area Environment, for a higher level of environmental protection. For this reason, with concentrated exchanges between EBB from Turkey and UFG and ADA from Portugal in developing a Green Flag campaign and environmental standards for creation of green schools through establishment of Green Schools Network (GSNET) in Espiye district of Giresun, the action aims to teach children in primary and secondary schools in Espiye how to sort waste, consume and behave in an environmentally friendly manner.<\/p>\n<\/blockquote>\n<\/td>\n<\/tr>\n<\/tbody>\n<\/table>\n<\/div><div class=\"fusion-clearfix\"><\/div>\n\n\t\t\t\t\t<\/div>\n\t\t\t\t<\/div><div  class=\"fusion-layout-column fusion_builder_column fusion_builder_column_1_6 fusion-builder-column-3 fusion-one-sixth fusion-column-last 1_6\"  style='margin-top:0px;margin-bottom:0px;width:13.3333%'>\n\t\t\t\t\t<div class=\"fusion-column-wrapper\" style=\"padding: 0px 0px 0px 0px;background-position:left top;background-repeat:no-repeat;-webkit-background-size:cover;-moz-background-size:cover;-o-background-size:cover;background-size:cover;\"   data-bg-url=\"\">\n\t\t\t\t\t\t<div class=\"fusion-clearfix\"><\/div>\n\n\t\t\t\t\t<\/div>\n\t\t\t\t<\/div><\/div><\/div>\n","protected":false},"excerpt":{"rendered":"","protected":false},"author":1,"featured_media":0,"parent":2580,"menu_order":0,"comment_status":"closed","ping_status":"closed","template":"","meta":{"footnotes":""},"class_list":["post-2596","page","type-page","status-publish","hentry"],"yoast_head":"<!-- This site is optimized with the Yoast SEO plugin v20.5 - https:\/\/yoast.com\/wordpress\/plugins\/seo\/ -->\n<title>Education - Orens Consultancy<\/title>\n<meta name=\"robots\" content=\"index, follow, max-snippet:-1, max-image-preview:large, max-video-preview:-1\" \/>\n<link rel=\"canonical\" href=\"http:\/\/orensgroup.com\/en\/references\/non-profit-organisations\/social-intervention\/education\/\" \/>\n<meta property=\"og:locale\" content=\"en_US\" \/>\n<meta property=\"og:type\" content=\"article\" \/>\n<meta property=\"og:title\" content=\"Education - Orens Consultancy\" \/>\n<meta property=\"og:url\" content=\"http:\/\/orensgroup.com\/en\/references\/non-profit-organisations\/social-intervention\/education\/\" \/>\n<meta property=\"og:site_name\" content=\"Orens Consultancy\" \/>\n<meta property=\"article:modified_time\" content=\"2024-10-08T05:58:27+00:00\" \/>\n<meta name=\"twitter:card\" content=\"summary_large_image\" \/>\n<meta name=\"twitter:label1\" content=\"Est. reading time\" \/>\n\t<meta name=\"twitter:data1\" content=\"4 minutes\" \/>\n<script type=\"application\/ld+json\" class=\"yoast-schema-graph\">{\"@context\":\"https:\/\/schema.org\",\"@graph\":[{\"@type\":\"WebPage\",\"@id\":\"http:\/\/orensgroup.com\/en\/references\/non-profit-organisations\/social-intervention\/education\/\",\"url\":\"http:\/\/orensgroup.com\/en\/references\/non-profit-organisations\/social-intervention\/education\/\",\"name\":\"Education - Orens Consultancy\",\"isPartOf\":{\"@id\":\"https:\/\/orensgroup.com\/en\/#website\"},\"datePublished\":\"2023-04-26T14:26:50+00:00\",\"dateModified\":\"2024-10-08T05:58:27+00:00\",\"breadcrumb\":{\"@id\":\"http:\/\/orensgroup.com\/en\/references\/non-profit-organisations\/social-intervention\/education\/#breadcrumb\"},\"inLanguage\":\"en-US\",\"potentialAction\":[{\"@type\":\"ReadAction\",\"target\":[\"http:\/\/orensgroup.com\/en\/references\/non-profit-organisations\/social-intervention\/education\/\"]}]},{\"@type\":\"BreadcrumbList\",\"@id\":\"http:\/\/orensgroup.com\/en\/references\/non-profit-organisations\/social-intervention\/education\/#breadcrumb\",\"itemListElement\":[{\"@type\":\"ListItem\",\"position\":1,\"name\":\"Anasayfa\",\"item\":\"https:\/\/orensgroup.com\/en\/\"},{\"@type\":\"ListItem\",\"position\":2,\"name\":\"References\",\"item\":\"http:\/\/orensgroup.com\/en\/references\/\"},{\"@type\":\"ListItem\",\"position\":3,\"name\":\"Non-Profit Organisations\",\"item\":\"http:\/\/orensgroup.com\/en\/references\/non-profit-organisations\/\"},{\"@type\":\"ListItem\",\"position\":4,\"name\":\"Social Intervention\",\"item\":\"http:\/\/orensgroup.com\/en\/references\/non-profit-organisations\/social-intervention\/\"},{\"@type\":\"ListItem\",\"position\":5,\"name\":\"Education\"}]},{\"@type\":\"WebSite\",\"@id\":\"https:\/\/orensgroup.com\/en\/#website\",\"url\":\"https:\/\/orensgroup.com\/en\/\",\"name\":\"Orens Consultancy\",\"description\":\"CONSULTANCY\",\"potentialAction\":[{\"@type\":\"SearchAction\",\"target\":{\"@type\":\"EntryPoint\",\"urlTemplate\":\"https:\/\/orensgroup.com\/en\/?s={search_term_string}\"},\"query-input\":\"required name=search_term_string\"}],\"inLanguage\":\"en-US\"}]}<\/script>\n<!-- \/ Yoast SEO plugin. -->","yoast_head_json":{"title":"Education - Orens Consultancy","robots":{"index":"index","follow":"follow","max-snippet":"max-snippet:-1","max-image-preview":"max-image-preview:large","max-video-preview":"max-video-preview:-1"},"canonical":"http:\/\/orensgroup.com\/en\/references\/non-profit-organisations\/social-intervention\/education\/","og_locale":"en_US","og_type":"article","og_title":"Education - Orens Consultancy","og_url":"http:\/\/orensgroup.com\/en\/references\/non-profit-organisations\/social-intervention\/education\/","og_site_name":"Orens Consultancy","article_modified_time":"2024-10-08T05:58:27+00:00","twitter_card":"summary_large_image","twitter_misc":{"Est. reading time":"4 minutes"},"schema":{"@context":"https:\/\/schema.org","@graph":[{"@type":"WebPage","@id":"http:\/\/orensgroup.com\/en\/references\/non-profit-organisations\/social-intervention\/education\/","url":"http:\/\/orensgroup.com\/en\/references\/non-profit-organisations\/social-intervention\/education\/","name":"Education - Orens Consultancy","isPartOf":{"@id":"https:\/\/orensgroup.com\/en\/#website"},"datePublished":"2023-04-26T14:26:50+00:00","dateModified":"2024-10-08T05:58:27+00:00","breadcrumb":{"@id":"http:\/\/orensgroup.com\/en\/references\/non-profit-organisations\/social-intervention\/education\/#breadcrumb"},"inLanguage":"en-US","potentialAction":[{"@type":"ReadAction","target":["http:\/\/orensgroup.com\/en\/references\/non-profit-organisations\/social-intervention\/education\/"]}]},{"@type":"BreadcrumbList","@id":"http:\/\/orensgroup.com\/en\/references\/non-profit-organisations\/social-intervention\/education\/#breadcrumb","itemListElement":[{"@type":"ListItem","position":1,"name":"Anasayfa","item":"https:\/\/orensgroup.com\/en\/"},{"@type":"ListItem","position":2,"name":"References","item":"http:\/\/orensgroup.com\/en\/references\/"},{"@type":"ListItem","position":3,"name":"Non-Profit Organisations","item":"http:\/\/orensgroup.com\/en\/references\/non-profit-organisations\/"},{"@type":"ListItem","position":4,"name":"Social Intervention","item":"http:\/\/orensgroup.com\/en\/references\/non-profit-organisations\/social-intervention\/"},{"@type":"ListItem","position":5,"name":"Education"}]},{"@type":"WebSite","@id":"https:\/\/orensgroup.com\/en\/#website","url":"https:\/\/orensgroup.com\/en\/","name":"Orens Consultancy","description":"CONSULTANCY","potentialAction":[{"@type":"SearchAction","target":{"@type":"EntryPoint","urlTemplate":"https:\/\/orensgroup.com\/en\/?s={search_term_string}"},"query-input":"required name=search_term_string"}],"inLanguage":"en-US"}]}},"acf":[],"_links":{"self":[{"href":"http:\/\/orensgroup.com\/en\/wp-json\/wp\/v2\/pages\/2596","targetHints":{"allow":["GET"]}}],"collection":[{"href":"http:\/\/orensgroup.com\/en\/wp-json\/wp\/v2\/pages"}],"about":[{"href":"http:\/\/orensgroup.com\/en\/wp-json\/wp\/v2\/types\/page"}],"author":[{"embeddable":true,"href":"http:\/\/orensgroup.com\/en\/wp-json\/wp\/v2\/users\/1"}],"replies":[{"embeddable":true,"href":"http:\/\/orensgroup.com\/en\/wp-json\/wp\/v2\/comments?post=2596"}],"version-history":[{"count":7,"href":"http:\/\/orensgroup.com\/en\/wp-json\/wp\/v2\/pages\/2596\/revisions"}],"predecessor-version":[{"id":2830,"href":"http:\/\/orensgroup.com\/en\/wp-json\/wp\/v2\/pages\/2596\/revisions\/2830"}],"up":[{"embeddable":true,"href":"http:\/\/orensgroup.com\/en\/wp-json\/wp\/v2\/pages\/2580"}],"wp:attachment":[{"href":"http:\/\/orensgroup.com\/en\/wp-json\/wp\/v2\/media?parent=2596"}],"curies":[{"name":"wp","href":"https:\/\/api.w.org\/{rel}","templated":true}]}}